{"id":1867,"date":"2026-01-24T15:21:34","date_gmt":"2026-01-24T15:21:34","guid":{"rendered":"https:\/\/lozanoboots.com\/?page_id=1867"},"modified":"2026-03-01T03:56:43","modified_gmt":"2026-03-01T03:56:43","slug":"about-us","status":"publish","type":"page","link":"https:\/\/lozanoboots.com\/en\/about-us\/","title":{"rendered":"About us"},"content":{"rendered":"\t\t<div data-elementor-type=\"wp-page\" data-elementor-id=\"1867\" class=\"elementor elementor-1867\">\n\t\t\t\t<div class=\"elementor-element elementor-element-6d5c123 e-flex e-con-boxed e-con e-parent\" data-id=\"6d5c123\" data-element_type=\"container\" data-e-type=\"container\">\n\t\t\t\t\t<div class=\"e-con-inner\">\n\t\t\t\t<div class=\"elementor-element elementor-element-b500ca2 elementor-widget__width-initial elementor-widget elementor-widget-heading\" data-id=\"b500ca2\" data-element_type=\"widget\" data-e-type=\"widget\" data-widget_type=\"heading.default\">\n\t\t\t\t\t<h1 class=\"elementor-heading-title elementor-size-default\">Sobre Lozano Boots<\/h1>\t\t\t\t<\/div>\n\t\t\t\t<div class=\"elementor-element elementor-element-27ce011 elementor-widget elementor-widget-text-editor\" data-id=\"27ce011\" data-element_type=\"widget\" data-e-type=\"widget\" data-widget_type=\"text-editor.default\">\n\t\t\t\t\t\t\t\t\t<p style=\"text-align: center;\" data-start=\"1352\" data-end=\"1438\">\u00abTodo empez\u00f3 con una idea sencilla, crear botas que se sintieran como una segunda piel.\u00bb<\/p>\t\t\t\t\t\t\t\t<\/div>\n\t\t<div class=\"elementor-element elementor-element-5888762 e-con-full e-grid e-con e-child\" data-id=\"5888762\" data-element_type=\"container\" data-e-type=\"container\">\n\t\t\t\t<div class=\"elementor-element elementor-element-010819a elementor-widget elementor-widget-image\" data-id=\"010819a\" data-element_type=\"widget\" data-e-type=\"widget\" data-widget_type=\"image.default\">\n\t\t\t\t\t\t\t\t\t\t\t\t\t\t\t<img fetchpriority=\"high\" decoding=\"async\" width=\"1024\" height=\"683\" src=\"https:\/\/lozanoboots.com\/wp-content\/uploads\/2025\/11\/DSC_0760-scaled.jpg\" class=\"attachment-large size-large wp-image-222\" alt=\"lozano boots\" srcset=\"https:\/\/lozanoboots.com\/wp-content\/uploads\/2025\/11\/DSC_0760-scaled.jpg 2560w, https:\/\/lozanoboots.com\/wp-content\/uploads\/2025\/11\/DSC_0760-scaled-600x400.jpg 600w, https:\/\/lozanoboots.com\/wp-content\/uploads\/2025\/11\/DSC_0760-scaled-300x200.jpg 300w\" sizes=\"(max-width: 1024px) 100vw, 1024px\" \/>\t\t\t\t\t\t\t\t\t\t\t\t\t\t\t<\/div>\n\t\t\t\t<div class=\"elementor-element elementor-element-9b90383 elementor-widget elementor-widget-text-editor\" data-id=\"9b90383\" data-element_type=\"widget\" data-e-type=\"widget\" data-widget_type=\"text-editor.default\">\n\t\t\t\t\t\t\t\t\t<p data-start=\"419\" data-end=\"746\">\u00a0<\/p><p data-start=\"419\" data-end=\"746\"><span style=\"font-size: 16px;\">Todo comenz\u00f3 en 2014, cuando Francisco Lozano decidi\u00f3 empezar a crear botas de equitaci\u00f3n a medida buscando una alternativa m\u00e1s personal a las botas est\u00e1ndar que encontraba en el mercado. La idea era sencilla: trabajar de forma artesanal, con tiempo y atenci\u00f3n al detalle, para conseguir un ajuste m\u00e1s natural y c\u00f3modo para cada jinete, manteniendo siempre el respeto por el oficio.<\/span><\/p><div class=\"flex flex-col text-sm pb-25\"><article class=\"text-token-text-primary w-full focus:outline-none [--shadow-height:45px] has-data-writing-block:pointer-events-none has-data-writing-block:-mt-(--shadow-height) has-data-writing-block:pt-(--shadow-height) [&amp;:has([data-writing-block])&gt;*]:pointer-events-auto scroll-mt-[calc(var(--header-height)+min(200px,max(70px,20svh)))]\" dir=\"auto\" tabindex=\"-1\" data-turn-id=\"request-WEB:dd9e6d6f-3805-485e-a06c-efa0596307a0-12\" data-testid=\"conversation-turn-22\" data-scroll-anchor=\"true\" data-turn=\"assistant\"><div class=\"text-base my-auto mx-auto pb-10 [--thread-content-margin:--spacing(4)] @w-sm\/main:[--thread-content-margin:--spacing(6)] @w-lg\/main:[--thread-content-margin:--spacing(16)] px-(--thread-content-margin)\"><div class=\"[--thread-content-max-width:40rem] @w-lg\/main:[--thread-content-max-width:48rem] mx-auto max-w-(--thread-content-max-width) flex-1 group\/turn-messages focus-visible:outline-hidden relative flex w-full min-w-0 flex-col agent-turn\" tabindex=\"-1\"><div class=\"z-0 flex min-h-[46px] justify-start\">\u00a0<\/div><div class=\"mt-3 w-full empty:hidden\">\u00a0<\/div><\/div><\/div><\/article><\/div><p data-start=\"1752\" data-end=\"2028\">\u00a0<\/p>\t\t\t\t\t\t\t\t<\/div>\n\t\t\t\t<div class=\"elementor-element elementor-element-0f7ca13 elementor-widget elementor-widget-text-editor\" data-id=\"0f7ca13\" data-element_type=\"widget\" data-e-type=\"widget\" data-widget_type=\"text-editor.default\">\n\t\t\t\t\t\t\t\t\t<p data-start=\"1016\" data-end=\"1255\">\u00a0<\/p><p data-start=\"1016\" data-end=\"1255\"><span style=\"font-style: inherit; text-align: var(--text-align);\">\u00a0<\/span><\/p><p data-start=\"1016\" data-end=\"1255\"><span style=\"font-style: inherit; text-align: var(--text-align);\">Con el paso de los a\u00f1os, el proyecto ha ido creciendo poco a poco, pero la manera de trabajar sigue siendo la misma. Cada bota se hace pensando en la persona que la va a llevar, en su forma de montar y en lo que necesita en su d\u00eda a d\u00eda, creando botas de montar personalizadas . <\/span><span style=\"font-style: inherit; text-align: var(--text-align);\">M\u00e1s que producir botas, se trata de crear algo duradero, hecho para acompa\u00f1ar durante mucho tiempo, tanto en la pista como fuera de ella.<\/span><\/p>\t\t\t\t\t\t\t\t<\/div>\n\t\t\t\t<div class=\"elementor-element elementor-element-3217507 elementor-widget elementor-widget-image\" data-id=\"3217507\" data-element_type=\"widget\" data-e-type=\"widget\" data-widget_type=\"image.default\">\n\t\t\t\t\t\t\t\t\t\t\t\t\t\t\t<img decoding=\"async\" width=\"1024\" height=\"683\" src=\"https:\/\/lozanoboots.com\/wp-content\/uploads\/2026\/02\/ChatGPT-Image-Feb-9-2026-at-03_58_46-PM-1024x683.png\" class=\"attachment-large size-large wp-image-3015\" alt=\"\" srcset=\"https:\/\/lozanoboots.com\/wp-content\/uploads\/2026\/02\/ChatGPT-Image-Feb-9-2026-at-03_58_46-PM-1024x683.png 1024w, https:\/\/lozanoboots.com\/wp-content\/uploads\/2026\/02\/ChatGPT-Image-Feb-9-2026-at-03_58_46-PM-300x200.png 300w, https:\/\/lozanoboots.com\/wp-content\/uploads\/2026\/02\/ChatGPT-Image-Feb-9-2026-at-03_58_46-PM-768x512.png 768w, https:\/\/lozanoboots.com\/wp-content\/uploads\/2026\/02\/ChatGPT-Image-Feb-9-2026-at-03_58_46-PM-600x400.png 600w, https:\/\/lozanoboots.com\/wp-content\/uploads\/2026\/02\/ChatGPT-Image-Feb-9-2026-at-03_58_46-PM.png 1536w\" sizes=\"(max-width: 1024px) 100vw, 1024px\" \/>\t\t\t\t\t\t\t\t\t\t\t\t\t\t\t<\/div>\n\t\t\t\t<\/div>\n\t\t\t\t\t<\/div>\n\t\t\t\t<\/div>\n\t\t<div class=\"elementor-element elementor-element-822be65 e-flex e-con-boxed e-con e-parent\" data-id=\"822be65\" data-element_type=\"container\" data-e-type=\"container\">\n\t\t\t\t\t<div class=\"e-con-inner\">\n\t\t\t\t<div class=\"elementor-element elementor-element-879c34b elementor-widget elementor-widget-text-editor\" data-id=\"879c34b\" data-element_type=\"widget\" data-e-type=\"widget\" data-widget_type=\"text-editor.default\">\n\t\t\t\t\t\t\t\t\t<p style=\"text-align: center;\" data-start=\"2253\" data-end=\"2397\"><span style=\"font-style: inherit;\">Cada bota cuenta una historia. La pr\u00f3xima puede ser la tuya.<\/span><\/p>\t\t\t\t\t\t\t\t<\/div>\n\t\t\t\t<div class=\"elementor-element elementor-element-fec8274 elementor-align-center elementor-widget elementor-widget-button\" data-id=\"fec8274\" data-element_type=\"widget\" data-e-type=\"widget\" data-widget_type=\"button.default\">\n\t\t\t\t\t\t\t\t\t\t<a class=\"elementor-button elementor-button-link elementor-size-sm\" href=\"https:\/\/lozanoboots.com\/contacto\/\">\n\t\t\t\t\t\t<span class=\"elementor-button-content-wrapper\">\n\t\t\t\t\t\t\t\t\t<span class=\"elementor-button-text\">Contactar<\/span>\n\t\t\t\t\t<\/span>\n\t\t\t\t\t<\/a>\n\t\t\t\t\t\t\t\t<\/div>\n\t\t\t\t\t<\/div>\n\t\t\t\t<\/div>\n\t\t\t\t<\/div>\n\t\t","protected":false},"excerpt":{"rendered":"<p>Sobre Lozano Boots \u00abTodo empez\u00f3 con una idea sencilla, crear botas que se sintieran como una segunda piel.\u00bb \u00a0 Todo [&hellip;]<\/p>\n","protected":false},"author":1,"featured_media":2197,"parent":0,"menu_order":0,"comment_status":"closed","ping_status":"closed","template":"elementor_header_footer","meta":{"_eb_attr":"","site-sidebar-layout":"no-sidebar","site-content-layout":"","ast-site-content-layout":"full-width-container","site-content-style":"default","site-sidebar-style":"default","ast-global-header-display":"","ast-banner-title-visibility":"","ast-main-header-display":"","ast-hfb-above-header-display":"","ast-hfb-below-header-display":"","ast-hfb-mobile-header-display":"","site-post-title":"disabled","ast-breadcrumbs-content":"","ast-featured-img":"disabled","footer-sml-layout":"","ast-disable-related-posts":"","theme-transparent-header-meta":"","adv-header-id-meta":"","stick-header-meta":"","header-above-stick-meta":"","header-main-stick-meta":"","header-below-stick-meta":"","astra-migrate-meta-layouts":"default","ast-page-background-enabled":"default","ast-page-background-meta":{"desktop":{"background-color":"var(--ast-global-color-5)","background-image":"","background-repeat":"repeat","background-position":"center center","background-size":"auto","background-attachment":"scroll","background-type":"","background-media":"","overlay-type":"","overlay-color":"","overlay-opacity":"","overlay-gradient":""},"tablet":{"background-color":"","background-image":"","background-repeat":"repeat","background-position":"center center","background-size":"auto","background-attachment":"scroll","background-type":"","background-media":"","overlay-type":"","overlay-color":"","overlay-opacity":"","overlay-gradient":""},"mobile":{"background-color":"","background-image":"","background-repeat":"repeat","background-position":"center center","background-size":"auto","background-attachment":"scroll","background-type":"","background-media":"","overlay-type":"","overlay-color":"","overlay-opacity":"","overlay-gradient":""}},"ast-content-background-meta":{"desktop":{"background-color":"var(--ast-global-color-4)","background-image":"","background-repeat":"repeat","background-position":"center center","background-size":"auto","background-attachment":"scroll","background-type":"","background-media":"","overlay-type":"","overlay-color":"","overlay-opacity":"","overlay-gradient":""},"tablet":{"background-color":"var(--ast-global-color-4)","background-image":"","background-repeat":"repeat","background-position":"center center","background-size":"auto","background-attachment":"scroll","background-type":"","background-media":"","overlay-type":"","overlay-color":"","overlay-opacity":"","overlay-gradient":""},"mobile":{"background-color":"var(--ast-global-color-4)","background-image":"","background-repeat":"repeat","background-position":"center center","background-size":"auto","background-attachment":"scroll","background-type":"","background-media":"","overlay-type":"","overlay-color":"","overlay-opacity":"","overlay-gradient":""}},"footnotes":""},"class_list":["post-1867","page","type-page","status-publish","has-post-thumbnail","hentry"],"_links":{"self":[{"href":"https:\/\/lozanoboots.com\/en\/wp-json\/wp\/v2\/pages\/1867","targetHints":{"allow":["GET"]}}],"collection":[{"href":"https:\/\/lozanoboots.com\/en\/wp-json\/wp\/v2\/pages"}],"about":[{"href":"https:\/\/lozanoboots.com\/en\/wp-json\/wp\/v2\/types\/page"}],"author":[{"embeddable":true,"href":"https:\/\/lozanoboots.com\/en\/wp-json\/wp\/v2\/users\/1"}],"replies":[{"embeddable":true,"href":"https:\/\/lozanoboots.com\/en\/wp-json\/wp\/v2\/comments?post=1867"}],"version-history":[{"count":163,"href":"https:\/\/lozanoboots.com\/en\/wp-json\/wp\/v2\/pages\/1867\/revisions"}],"predecessor-version":[{"id":3948,"href":"https:\/\/lozanoboots.com\/en\/wp-json\/wp\/v2\/pages\/1867\/revisions\/3948"}],"wp:featuredmedia":[{"embeddable":true,"href":"https:\/\/lozanoboots.com\/en\/wp-json\/wp\/v2\/media\/2197"}],"wp:attachment":[{"href":"https:\/\/lozanoboots.com\/en\/wp-json\/wp\/v2\/media?parent=1867"}],"curies":[{"name":"wp","href":"https:\/\/api.w.org\/{rel}","templated":true}]}}