{"id":2406,"date":"2026-01-26T21:20:10","date_gmt":"2026-01-26T21:20:10","guid":{"rendered":"https:\/\/lozanoboots.com\/?page_id=2406"},"modified":"2026-03-01T03:57:09","modified_gmt":"2026-03-01T03:57:09","slug":"blog","status":"publish","type":"page","link":"https:\/\/lozanoboots.com\/en\/blog\/","title":{"rendered":"Blog"},"content":{"rendered":"<div data-elementor-type=\"wp-page\" data-elementor-id=\"2406\" class=\"elementor elementor-2406\">\n\t\t\t\t<div class=\"elementor-element elementor-element-37dd111 e-flex e-con-boxed e-con e-parent\" data-id=\"37dd111\" data-element_type=\"container\" data-e-type=\"container\">\n\t\t\t\t\t<div class=\"e-con-inner\">\n\t\t<div class=\"elementor-element elementor-element-7acf23f e-con-full e-grid e-con e-child\" data-id=\"7acf23f\" data-element_type=\"container\" data-e-type=\"container\">\n\t\t\t\t<div class=\"elementor-element elementor-element-7f3062c elementor-widget elementor-widget-heading\" data-id=\"7f3062c\" data-element_type=\"widget\" data-e-type=\"widget\" data-widget_type=\"heading.default\">\n\t\t\t\t\t<h1 class=\"elementor-heading-title elementor-size-default\">Blog<\/h1>\t\t\t\t<\/div>\n\t\t\t\t<\/div>\n\t\t\t\t<div class=\"elementor-element elementor-element-77f71ff elementor-grid-eael-col-3 elementor-grid-tablet-eael-col-2 elementor-grid-mobile-eael-col-1 elementor-widget elementor-widget-eael-post-grid\" data-id=\"77f71ff\" data-element_type=\"widget\" data-e-type=\"widget\" data-settings=\"{&quot;eael_post_grid_columns&quot;:&quot;eael-col-3&quot;,&quot;eael_post_grid_columns_tablet&quot;:&quot;eael-col-2&quot;,&quot;eael_post_grid_columns_mobile&quot;:&quot;eael-col-1&quot;}\" data-widget_type=\"eael-post-grid.default\">\n\t\t\t\t\t<div id=\"eael-post-grid-77f71ff\" class=\"eael-post-grid-container\">\n            <div class=\"eael-post-grid eael-post-appender eael-post-appender-77f71ff eael-post-grid-style-one\" data-layout-mode=\"masonry\"><article class=\"eael-grid-post  eael-post-grid-column eael-pg-post-2468 category-blog tags-botas-artesanales-botas-de-equitacion-cana-de-bota-diseno-espanol\" data-id=\"2468\">\n        <div class=\"eael-grid-post-holder\">\n            <div class=\"eael-grid-post-holder-inner\"><div class=\"eael-entry-media\"><div class=\"eael-entry-overlay fade-in\"><i class=\"fas fa-long-arrow-alt-right\" aria-hidden=\"true\"><\/i><a href=\"https:\/\/lozanoboots.com\/en\/botas-de-equitacion-de-diseno-espanol\/\"><\/a><\/div><div class=\"eael-entry-thumbnail\">\n                <img fetchpriority=\"high\" decoding=\"async\" width=\"300\" height=\"200\" src=\"https:\/\/lozanoboots.com\/wp-content\/uploads\/2026\/02\/ChatGPT-Image-Feb-1-2026-at-06_09_02-PM-300x200.png\" class=\"attachment-medium size-medium wp-image-2480\" alt=\"Botas de equitaci\u00f3n de dise\u00f1o espa\u00f1ol inspiradas en la tradici\u00f3n ecuestre en Espa\u00f1a\" srcset=\"https:\/\/lozanoboots.com\/wp-content\/uploads\/2026\/02\/ChatGPT-Image-Feb-1-2026-at-06_09_02-PM-300x200.png 300w, https:\/\/lozanoboots.com\/wp-content\/uploads\/2026\/02\/ChatGPT-Image-Feb-1-2026-at-06_09_02-PM-1024x683.png 1024w, https:\/\/lozanoboots.com\/wp-content\/uploads\/2026\/02\/ChatGPT-Image-Feb-1-2026-at-06_09_02-PM-768x512.png 768w, https:\/\/lozanoboots.com\/wp-content\/uploads\/2026\/02\/ChatGPT-Image-Feb-1-2026-at-06_09_02-PM-600x400.png 600w, https:\/\/lozanoboots.com\/wp-content\/uploads\/2026\/02\/ChatGPT-Image-Feb-1-2026-at-06_09_02-PM.png 1536w\" sizes=\"(max-width: 300px) 100vw, 300px\" \/>\n            <\/div>\n        <\/div><div class=\"eael-entry-wrapper\"><header class=\"eael-entry-header\"><h1 class=\"eael-entry-title\"><a class=\"eael-grid-post-link\" href=\"https:\/\/lozanoboots.com\/en\/botas-de-equitacion-de-diseno-espanol\/\" title=\"La historia de las botas de equitaci\u00f3n de dise\u00f1o espa\u00f1ol y el legado que sigue Lozano Boots\">La historia de las botas de equitaci\u00f3n de dise\u00f1o espa\u00f1ol y el legado que sigue Lozano Boots<\/a><\/h1><\/header><div class=\"eael-entry-content\">\n                        <div class=\"eael-grid-post-excerpt\"><p>Las&nbsp;botas de equitaci\u00f3n de dise\u00f1o espa\u00f1ol&nbsp;son reconocidas en todo el...<\/p><a href=\"https:\/\/lozanoboots.com\/en\/botas-de-equitacion-de-diseno-espanol\/\" class=\"eael-post-elements-readmore-btn\">Leer m\u00e1s<\/a><\/div>\n                    <\/div><\/div><\/div>\n        <\/div>\n    <\/article><article class=\"eael-grid-post  eael-post-grid-column eael-pg-post-2446 category-blog tags-botas-artesanales-botas-de-equitacion-materiales-premium-suelas-vibram\" data-id=\"2446\">\n        <div class=\"eael-grid-post-holder\">\n            <div class=\"eael-grid-post-holder-inner\"><div class=\"eael-entry-media\"><div class=\"eael-entry-overlay fade-in\"><i class=\"fas fa-long-arrow-alt-right\" aria-hidden=\"true\"><\/i><a href=\"https:\/\/lozanoboots.com\/en\/suelas-vibram-botas-equitacion\/\"><\/a><\/div><div class=\"eael-entry-thumbnail\">\n                <img decoding=\"async\" width=\"300\" height=\"200\" src=\"https:\/\/lozanoboots.com\/wp-content\/uploads\/2025\/11\/DSC_0274_modif.jpg\" class=\"attachment-medium size-medium wp-image-423\" alt=\"\" srcset=\"https:\/\/lozanoboots.com\/wp-content\/uploads\/2025\/11\/DSC_0274_modif.jpg 800w, https:\/\/lozanoboots.com\/wp-content\/uploads\/2025\/11\/DSC_0274_modif-600x400.jpg 600w, https:\/\/lozanoboots.com\/wp-content\/uploads\/2025\/11\/DSC_0274_modif-300x200.jpg 300w\" sizes=\"(max-width: 300px) 100vw, 300px\" \/>\n            <\/div>\n        <\/div><div class=\"eael-entry-wrapper\"><header class=\"eael-entry-header\"><h1 class=\"eael-entry-title\"><a class=\"eael-grid-post-link\" href=\"https:\/\/lozanoboots.com\/en\/suelas-vibram-botas-equitacion\/\" title=\"Suelas Vibram: la clave del agarre y la durabilidad en botas de equitaci\u00f3n\">Suelas Vibram: la clave del agarre y la durabilidad en botas de equitaci\u00f3n<\/a><\/h1><\/header><div class=\"eael-entry-content\">\n                        <div class=\"eael-grid-post-excerpt\"><p>En unas botas de equitaci\u00f3n, la suela es tan importante...<\/p><a href=\"https:\/\/lozanoboots.com\/en\/suelas-vibram-botas-equitacion\/\" class=\"eael-post-elements-readmore-btn\">Leer m\u00e1s<\/a><\/div>\n                    <\/div><\/div><\/div>\n        <\/div>\n    <\/article><article class=\"eael-grid-post  eael-post-grid-column eael-pg-post-2432 category-blog-artesania-2-proceso-de-fabricacion tags-botas-artesanales-botas-de-equitacion-calzado-a-medida-goodyear-welt\" data-id=\"2432\">\n        <div class=\"eael-grid-post-holder\">\n            <div class=\"eael-grid-post-holder-inner\"><div class=\"eael-entry-media\"><div class=\"eael-entry-overlay fade-in\"><i class=\"fas fa-long-arrow-alt-right\" aria-hidden=\"true\"><\/i><a href=\"https:\/\/lozanoboots.com\/en\/goodyear-welt-botas\/\"><\/a><\/div><div class=\"eael-entry-thumbnail\">\n                <img decoding=\"async\" width=\"300\" height=\"200\" src=\"https:\/\/lozanoboots.com\/wp-content\/uploads\/2026\/02\/Goodyear-welt-construction-diagram-300x200.png\" class=\"attachment-medium size-medium wp-image-2434\" alt=\"\" srcset=\"https:\/\/lozanoboots.com\/wp-content\/uploads\/2026\/02\/Goodyear-welt-construction-diagram-300x200.png 300w, https:\/\/lozanoboots.com\/wp-content\/uploads\/2026\/02\/Goodyear-welt-construction-diagram-1024x683.png 1024w, https:\/\/lozanoboots.com\/wp-content\/uploads\/2026\/02\/Goodyear-welt-construction-diagram-768x512.png 768w, https:\/\/lozanoboots.com\/wp-content\/uploads\/2026\/02\/Goodyear-welt-construction-diagram-600x400.png 600w, https:\/\/lozanoboots.com\/wp-content\/uploads\/2026\/02\/Goodyear-welt-construction-diagram.png 1536w\" sizes=\"(max-width: 300px) 100vw, 300px\" \/>\n            <\/div>\n        <\/div><div class=\"eael-entry-wrapper\"><header class=\"eael-entry-header\"><h1 class=\"eael-entry-title\"><a class=\"eael-grid-post-link\" href=\"https:\/\/lozanoboots.com\/en\/goodyear-welt-botas\/\" title=\"\u00bfQu\u00e9 es la t\u00e9cnica Goodyear Welt y por qu\u00e9 la usamos en nuestras botas?\">\u00bfQu\u00e9 es la t\u00e9cnica Goodyear Welt y por qu\u00e9 la usamos en nuestras botas?<\/a><\/h1><\/header><div class=\"eael-entry-content\">\n                        <div class=\"eael-grid-post-excerpt\"><p>Cuando hablamos de botas de alta calidad, hay una t\u00e9cnica...<\/p><a href=\"https:\/\/lozanoboots.com\/en\/goodyear-welt-botas\/\" class=\"eael-post-elements-readmore-btn\">Leer m\u00e1s<\/a><\/div>\n                    <\/div><\/div><\/div>\n        <\/div>\n    <\/article><\/div>\n            <div class=\"clearfix\"><\/div>\n        <\/div>\t\t\t\t<\/div>\n\t\t\t\t\t<\/div>\n\t\t\t\t<\/div>\n\t\t\t\t<\/div>","protected":false},"excerpt":{"rendered":"<p>Blog La historia de las botas de equitaci\u00f3n de dise\u00f1o espa\u00f1ol y el legado que sigue Lozano Boots Las&nbsp;botas de [&hellip;]<\/p>\n","protected":false},"author":1,"featured_media":2603,"parent":0,"menu_order":0,"comment_status":"closed","ping_status":"closed","template":"elementor_header_footer","meta":{"_eb_attr":"","site-sidebar-layout":"no-sidebar","site-content-layout":"","ast-site-content-layout":"full-width-container","site-content-style":"default","site-sidebar-style":"default","ast-global-header-display":"","ast-banner-title-visibility":"","ast-main-header-display":"","ast-hfb-above-header-display":"","ast-hfb-below-header-display":"","ast-hfb-mobile-header-display":"","site-post-title":"disabled","ast-breadcrumbs-content":"","ast-featured-img":"disabled","footer-sml-layout":"","ast-disable-related-posts":"","theme-transparent-header-meta":"","adv-header-id-meta":"","stick-header-meta":"","header-above-stick-meta":"","header-main-stick-meta":"","header-below-stick-meta":"","astra-migrate-meta-layouts":"default","ast-page-background-enabled":"default","ast-page-background-meta":{"desktop":{"background-color":"var(--ast-global-color-5)","background-image":"","background-repeat":"repeat","background-position":"center center","background-size":"auto","background-attachment":"scroll","background-type":"","background-media":"","overlay-type":"","overlay-color":"","overlay-opacity":"","overlay-gradient":""},"tablet":{"background-color":"","background-image":"","background-repeat":"repeat","background-position":"center center","background-size":"auto","background-attachment":"scroll","background-type":"","background-media":"","overlay-type":"","overlay-color":"","overlay-opacity":"","overlay-gradient":""},"mobile":{"background-color":"","background-image":"","background-repeat":"repeat","background-position":"center center","background-size":"auto","background-attachment":"scroll","background-type":"","background-media":"","overlay-type":"","overlay-color":"","overlay-opacity":"","overlay-gradient":""}},"ast-content-background-meta":{"desktop":{"background-color":"var(--ast-global-color-4)","background-image":"","background-repeat":"repeat","background-position":"center center","background-size":"auto","background-attachment":"scroll","background-type":"","background-media":"","overlay-type":"","overlay-color":"","overlay-opacity":"","overlay-gradient":""},"tablet":{"background-color":"var(--ast-global-color-4)","background-image":"","background-repeat":"repeat","background-position":"center center","background-size":"auto","background-attachment":"scroll","background-type":"","background-media":"","overlay-type":"","overlay-color":"","overlay-opacity":"","overlay-gradient":""},"mobile":{"background-color":"var(--ast-global-color-4)","background-image":"","background-repeat":"repeat","background-position":"center center","background-size":"auto","background-attachment":"scroll","background-type":"","background-media":"","overlay-type":"","overlay-color":"","overlay-opacity":"","overlay-gradient":""}},"footnotes":""},"class_list":["post-2406","page","type-page","status-publish","has-post-thumbnail","hentry"],"_links":{"self":[{"href":"https:\/\/lozanoboots.com\/en\/wp-json\/wp\/v2\/pages\/2406","targetHints":{"allow":["GET"]}}],"collection":[{"href":"https:\/\/lozanoboots.com\/en\/wp-json\/wp\/v2\/pages"}],"about":[{"href":"https:\/\/lozanoboots.com\/en\/wp-json\/wp\/v2\/types\/page"}],"author":[{"embeddable":true,"href":"https:\/\/lozanoboots.com\/en\/wp-json\/wp\/v2\/users\/1"}],"replies":[{"embeddable":true,"href":"https:\/\/lozanoboots.com\/en\/wp-json\/wp\/v2\/comments?post=2406"}],"version-history":[{"count":56,"href":"https:\/\/lozanoboots.com\/en\/wp-json\/wp\/v2\/pages\/2406\/revisions"}],"predecessor-version":[{"id":3951,"href":"https:\/\/lozanoboots.com\/en\/wp-json\/wp\/v2\/pages\/2406\/revisions\/3951"}],"wp:featuredmedia":[{"embeddable":true,"href":"https:\/\/lozanoboots.com\/en\/wp-json\/wp\/v2\/media\/2603"}],"wp:attachment":[{"href":"https:\/\/lozanoboots.com\/en\/wp-json\/wp\/v2\/media?parent=2406"}],"curies":[{"name":"wp","href":"https:\/\/api.w.org\/{rel}","templated":true}]}}