{"id":325,"date":"2025-11-24T22:55:43","date_gmt":"2025-11-24T22:55:43","guid":{"rendered":"https:\/\/lozanoboots.com\/?page_id=325"},"modified":"2026-03-09T01:27:13","modified_gmt":"2026-03-09T01:27:13","slug":"classic-liso-negro","status":"publish","type":"page","link":"https:\/\/lozanoboots.com\/en\/botas\/classic-liso\/classic-liso-negro\/","title":{"rendered":"Classic Liso negro"},"content":{"rendered":"<div data-elementor-type=\"wp-page\" data-elementor-id=\"325\" class=\"elementor elementor-325\">\n\t\t\t\t<div class=\"elementor-element elementor-element-646d1d3 e-grid e-con-full e-con e-parent\" data-id=\"646d1d3\" data-element_type=\"container\" data-e-type=\"container\">\n\t\t<div class=\"elementor-element elementor-element-409b664 e-flex e-con-boxed e-con e-child\" data-id=\"409b664\" data-element_type=\"container\" data-e-type=\"container\">\n\t\t\t\t\t<div class=\"e-con-inner\">\n\t\t\t\t<div class=\"elementor-element elementor-element-c0fd408 lb-thumb elementor-widget elementor-widget-image\" data-id=\"c0fd408\" data-element_type=\"widget\" data-e-type=\"widget\" data-widget_type=\"image.default\">\n\t\t\t\t\t\t\t\t\t\t\t\t\t\t\t<img fetchpriority=\"high\" decoding=\"async\" width=\"800\" height=\"600\" src=\"https:\/\/lozanoboots.com\/wp-content\/uploads\/2025\/11\/DSCN3430_modif.jpg\" class=\"attachment-large size-large wp-image-293\" alt=\"\" srcset=\"https:\/\/lozanoboots.com\/wp-content\/uploads\/2025\/11\/DSCN3430_modif.jpg 800w, https:\/\/lozanoboots.com\/wp-content\/uploads\/2025\/11\/DSCN3430_modif-600x450.jpg 600w, https:\/\/lozanoboots.com\/wp-content\/uploads\/2025\/11\/DSCN3430_modif-300x225.jpg 300w, https:\/\/lozanoboots.com\/wp-content\/uploads\/2025\/11\/DSCN3430_modif-768x576.jpg 768w\" sizes=\"(max-width: 800px) 100vw, 800px\" \/>\t\t\t\t\t\t\t\t\t\t\t\t\t\t\t<\/div>\n\t\t\t\t<div class=\"elementor-element elementor-element-d8a82be lb-thumb elementor-widget elementor-widget-image\" data-id=\"d8a82be\" data-element_type=\"widget\" data-e-type=\"widget\" data-widget_type=\"image.default\">\n\t\t\t\t\t\t\t\t\t\t\t\t\t\t\t<img decoding=\"async\" width=\"800\" height=\"600\" src=\"https:\/\/lozanoboots.com\/wp-content\/uploads\/2025\/11\/DSCN3426_modif.jpg\" class=\"attachment-large size-large wp-image-294\" alt=\"\" srcset=\"https:\/\/lozanoboots.com\/wp-content\/uploads\/2025\/11\/DSCN3426_modif.jpg 800w, https:\/\/lozanoboots.com\/wp-content\/uploads\/2025\/11\/DSCN3426_modif-600x450.jpg 600w, https:\/\/lozanoboots.com\/wp-content\/uploads\/2025\/11\/DSCN3426_modif-300x225.jpg 300w\" sizes=\"(max-width: 800px) 100vw, 800px\" \/>\t\t\t\t\t\t\t\t\t\t\t\t\t\t\t<\/div>\n\t\t\t\t<div class=\"elementor-element elementor-element-593f82d lb-thumb elementor-widget elementor-widget-image\" data-id=\"593f82d\" data-element_type=\"widget\" data-e-type=\"widget\" data-widget_type=\"image.default\">\n\t\t\t\t\t\t\t\t\t\t\t\t\t\t\t<img decoding=\"async\" width=\"1015\" height=\"1024\" src=\"https:\/\/lozanoboots.com\/wp-content\/uploads\/2026\/02\/Screenshot-2026-02-27-at-6.17.54-pm-1015x1024.png\" class=\"attachment-large size-large wp-image-3847\" alt=\"\" srcset=\"https:\/\/lozanoboots.com\/wp-content\/uploads\/2026\/02\/Screenshot-2026-02-27-at-6.17.54-pm-1015x1024.png 1015w, https:\/\/lozanoboots.com\/wp-content\/uploads\/2026\/02\/Screenshot-2026-02-27-at-6.17.54-pm-297x300.png 297w, https:\/\/lozanoboots.com\/wp-content\/uploads\/2026\/02\/Screenshot-2026-02-27-at-6.17.54-pm-150x150.png 150w, https:\/\/lozanoboots.com\/wp-content\/uploads\/2026\/02\/Screenshot-2026-02-27-at-6.17.54-pm-768x775.png 768w, https:\/\/lozanoboots.com\/wp-content\/uploads\/2026\/02\/Screenshot-2026-02-27-at-6.17.54-pm-1523x1536.png 1523w, https:\/\/lozanoboots.com\/wp-content\/uploads\/2026\/02\/Screenshot-2026-02-27-at-6.17.54-pm-600x605.png 600w, https:\/\/lozanoboots.com\/wp-content\/uploads\/2026\/02\/Screenshot-2026-02-27-at-6.17.54-pm-100x100.png 100w, https:\/\/lozanoboots.com\/wp-content\/uploads\/2026\/02\/Screenshot-2026-02-27-at-6.17.54-pm.png 1592w\" sizes=\"(max-width: 1015px) 100vw, 1015px\" \/>\t\t\t\t\t\t\t\t\t\t\t\t\t\t\t<\/div>\n\t\t\t\t\t<\/div>\n\t\t\t\t<\/div>\n\t\t\t\t<div class=\"elementor-element elementor-element-cc6042d elementor-widget__width-initial lb-main-image elementor-widget elementor-widget-image\" data-id=\"cc6042d\" data-element_type=\"widget\" data-e-type=\"widget\" data-widget_type=\"image.default\">\n\t\t\t\t\t\t\t\t\t\t\t\t\t\t\t<img loading=\"lazy\" decoding=\"async\" width=\"683\" height=\"1024\" src=\"https:\/\/lozanoboots.com\/wp-content\/uploads\/2025\/11\/DSC_0748-1-683x1024.jpg\" class=\"attachment-large size-large wp-image-115\" alt=\"\" srcset=\"https:\/\/lozanoboots.com\/wp-content\/uploads\/2025\/11\/DSC_0748-1-683x1024.jpg 683w, https:\/\/lozanoboots.com\/wp-content\/uploads\/2025\/11\/DSC_0748-1-scaled-600x900.jpg 600w, https:\/\/lozanoboots.com\/wp-content\/uploads\/2025\/11\/DSC_0748-1-scaled-300x450.jpg 300w, https:\/\/lozanoboots.com\/wp-content\/uploads\/2025\/11\/DSC_0748-1-200x300.jpg 200w, https:\/\/lozanoboots.com\/wp-content\/uploads\/2025\/11\/DSC_0748-1-768x1152.jpg 768w, https:\/\/lozanoboots.com\/wp-content\/uploads\/2025\/11\/DSC_0748-1-1024x1536.jpg 1024w, https:\/\/lozanoboots.com\/wp-content\/uploads\/2025\/11\/DSC_0748-1-1365x2048.jpg 1365w, https:\/\/lozanoboots.com\/wp-content\/uploads\/2025\/11\/DSC_0748-1-scaled.jpg 1707w\" sizes=\"(max-width: 683px) 100vw, 683px\" \/>\t\t\t\t\t\t\t\t\t\t\t\t\t\t\t<\/div>\n\t\t<div class=\"elementor-element elementor-element-51ec0e0 e-grid e-con-boxed e-con e-child\" data-id=\"51ec0e0\" data-element_type=\"container\" data-e-type=\"container\">\n\t\t\t\t\t<div class=\"e-con-inner\">\n\t\t\t\t<div class=\"elementor-element elementor-element-03f68bc elementor-widget elementor-widget-text-editor\" data-id=\"03f68bc\" data-element_type=\"widget\" data-e-type=\"widget\" data-widget_type=\"text-editor.default\">\n\t\t\t\t\t\t\t\t\t<p data-start=\"85\" data-end=\"273\">Nuestra bota de equitaci\u00f3n Classic Liso Negro hecha a medida es uno de nuestros modelos m\u00e1s vendidos. Dise\u00f1ada para jinetes que buscan una bota de montar alta elegante y atemporal.<\/p><p data-start=\"275\" data-end=\"456\">Fabricada en piel Box Calf premium, incorpora cremallera YKK, suela Vibram especial para equitaci\u00f3n y construcci\u00f3n Goodyear Welted para m\u00e1xima durabilidad y confort.<\/p><p data-start=\"458\" data-end=\"526\" data-is-last-node=\"\" data-is-only-node=\"\">Fabricaci\u00f3n bajo pedido. Personalizable en nuestro configurador.<\/p>\t\t\t\t\t\t\t\t<\/div>\n\t\t\t\t<div class=\"elementor-element elementor-element-b58cba6 elementor-align-center elementor-widget elementor-widget-button\" data-id=\"b58cba6\" data-element_type=\"widget\" data-e-type=\"widget\" data-widget_type=\"button.default\">\n\t\t\t\t\t\t\t\t\t\t<a class=\"elementor-button elementor-button-link elementor-size-sm\" href=\"https:\/\/lozanoboots.com\/elementor-3383\/\">\n\t\t\t\t\t\t<span class=\"elementor-button-content-wrapper\">\n\t\t\t\t\t\t\t\t\t<span class=\"elementor-button-text\">Configura tu bota<\/span>\n\t\t\t\t\t<\/span>\n\t\t\t\t\t<\/a>\n\t\t\t\t\t\t\t\t<\/div>\n\t\t\t\t\t<\/div>\n\t\t\t\t<\/div>\n\t\t\t\t<\/div>\n\t\t\t\t<\/div>","protected":false},"excerpt":{"rendered":"<p>Nuestra bota de equitaci\u00f3n Classic Liso Negro hecha a medida es uno de nuestros modelos m\u00e1s vendidos. Dise\u00f1ada para jinetes [&hellip;]<\/p>\n","protected":false},"author":1,"featured_media":0,"parent":1865,"menu_order":0,"comment_status":"closed","ping_status":"closed","template":"","meta":{"_eb_attr":"","site-sidebar-layout":"default","site-content-layout":"","ast-site-content-layout":"default","site-content-style":"default","site-sidebar-style":"default","ast-global-header-display":"","ast-banner-title-visibility":"","ast-main-header-display":"","ast-hfb-above-header-display":"","ast-hfb-below-header-display":"","ast-hfb-mobile-header-display":"","site-post-title":"","ast-breadcrumbs-content":"","ast-featured-img":"","footer-sml-layout":"","ast-disable-related-posts":"","theme-transparent-header-meta":"","adv-header-id-meta":"","stick-header-meta":"","header-above-stick-meta":"","header-main-stick-meta":"","header-below-stick-meta":"","astra-migrate-meta-layouts":"default","ast-page-background-enabled":"default","ast-page-background-meta":{"desktop":{"background-color":"var(--ast-global-color-5)","background-image":"","background-repeat":"repeat","background-position":"center center","background-size":"auto","background-attachment":"scroll","background-type":"","background-media":"","overlay-type":"","overlay-color":"","overlay-opacity":"","overlay-gradient":""},"tablet":{"background-color":"","background-image":"","background-repeat":"repeat","background-position":"center center","background-size":"auto","background-attachment":"scroll","background-type":"","background-media":"","overlay-type":"","overlay-color":"","overlay-opacity":"","overlay-gradient":""},"mobile":{"background-color":"","background-image":"","background-repeat":"repeat","background-position":"center center","background-size":"auto","background-attachment":"scroll","background-type":"","background-media":"","overlay-type":"","overlay-color":"","overlay-opacity":"","overlay-gradient":""}},"ast-content-background-meta":{"desktop":{"background-color":"var(--ast-global-color-4)","background-image":"","background-repeat":"repeat","background-position":"center center","background-size":"auto","background-attachment":"scroll","background-type":"","background-media":"","overlay-type":"","overlay-color":"","overlay-opacity":"","overlay-gradient":""},"tablet":{"background-color":"var(--ast-global-color-4)","background-image":"","background-repeat":"repeat","background-position":"center center","background-size":"auto","background-attachment":"scroll","background-type":"","background-media":"","overlay-type":"","overlay-color":"","overlay-opacity":"","overlay-gradient":""},"mobile":{"background-color":"var(--ast-global-color-4)","background-image":"","background-repeat":"repeat","background-position":"center center","background-size":"auto","background-attachment":"scroll","background-type":"","background-media":"","overlay-type":"","overlay-color":"","overlay-opacity":"","overlay-gradient":""}},"footnotes":""},"class_list":["post-325","page","type-page","status-publish","hentry"],"_links":{"self":[{"href":"https:\/\/lozanoboots.com\/en\/wp-json\/wp\/v2\/pages\/325","targetHints":{"allow":["GET"]}}],"collection":[{"href":"https:\/\/lozanoboots.com\/en\/wp-json\/wp\/v2\/pages"}],"about":[{"href":"https:\/\/lozanoboots.com\/en\/wp-json\/wp\/v2\/types\/page"}],"author":[{"embeddable":true,"href":"https:\/\/lozanoboots.com\/en\/wp-json\/wp\/v2\/users\/1"}],"replies":[{"embeddable":true,"href":"https:\/\/lozanoboots.com\/en\/wp-json\/wp\/v2\/comments?post=325"}],"version-history":[{"count":63,"href":"https:\/\/lozanoboots.com\/en\/wp-json\/wp\/v2\/pages\/325\/revisions"}],"predecessor-version":[{"id":4330,"href":"https:\/\/lozanoboots.com\/en\/wp-json\/wp\/v2\/pages\/325\/revisions\/4330"}],"up":[{"embeddable":true,"href":"https:\/\/lozanoboots.com\/en\/wp-json\/wp\/v2\/pages\/1865"}],"wp:attachment":[{"href":"https:\/\/lozanoboots.com\/en\/wp-json\/wp\/v2\/media?parent=325"}],"curies":[{"name":"wp","href":"https:\/\/api.w.org\/{rel}","templated":true}]}}