{"id":334,"date":"2026-01-24T16:38:24","date_gmt":"2026-01-24T16:38:24","guid":{"rendered":"https:\/\/lozanoboots.com\/?page_id=334"},"modified":"2026-03-09T01:36:03","modified_gmt":"2026-03-09T01:36:03","slug":"classic-liso-negro-marron","status":"publish","type":"page","link":"https:\/\/lozanoboots.com\/en\/botas\/classic-liso\/classic-liso-negro-marron\/","title":{"rendered":"Classic Liso Negro &#8211; Marr\u00f3n"},"content":{"rendered":"<div data-elementor-type=\"wp-page\" data-elementor-id=\"334\" class=\"elementor elementor-334\">\n\t\t\t\t<div class=\"elementor-element elementor-element-5551455 e-grid e-con-full e-con e-parent\" data-id=\"5551455\" data-element_type=\"container\" data-e-type=\"container\">\n\t\t<div class=\"elementor-element elementor-element-dfb6e03 e-flex e-con-boxed e-con e-child\" data-id=\"dfb6e03\" data-element_type=\"container\" data-e-type=\"container\">\n\t\t\t\t\t<div class=\"e-con-inner\">\n\t\t\t\t<div class=\"elementor-element elementor-element-21a64fb lb-thumb elementor-widget elementor-widget-image\" data-id=\"21a64fb\" data-element_type=\"widget\" data-e-type=\"widget\" data-widget_type=\"image.default\">\n\t\t\t\t\t\t\t\t\t\t\t\t\t\t\t<img fetchpriority=\"high\" decoding=\"async\" width=\"800\" height=\"533\" src=\"https:\/\/lozanoboots.com\/wp-content\/uploads\/2025\/11\/DSC_0821_modificada_modif.jpg\" class=\"attachment-large size-large wp-image-214\" alt=\"\" srcset=\"https:\/\/lozanoboots.com\/wp-content\/uploads\/2025\/11\/DSC_0821_modificada_modif.jpg 800w, https:\/\/lozanoboots.com\/wp-content\/uploads\/2025\/11\/DSC_0821_modificada_modif-600x400.jpg 600w, https:\/\/lozanoboots.com\/wp-content\/uploads\/2025\/11\/DSC_0821_modificada_modif-300x200.jpg 300w, https:\/\/lozanoboots.com\/wp-content\/uploads\/2025\/11\/DSC_0821_modificada_modif-768x512.jpg 768w\" sizes=\"(max-width: 800px) 100vw, 800px\" \/>\t\t\t\t\t\t\t\t\t\t\t\t\t\t\t<\/div>\n\t\t\t\t<div class=\"elementor-element elementor-element-25d9e54 lb-thumb elementor-widget elementor-widget-image\" data-id=\"25d9e54\" data-element_type=\"widget\" data-e-type=\"widget\" data-widget_type=\"image.default\">\n\t\t\t\t\t\t\t\t\t\t\t\t\t\t\t<img decoding=\"async\" width=\"600\" height=\"800\" src=\"https:\/\/lozanoboots.com\/wp-content\/uploads\/2025\/11\/DSCN3951_modif.jpg\" class=\"attachment-large size-large wp-image-217\" alt=\"\" srcset=\"https:\/\/lozanoboots.com\/wp-content\/uploads\/2025\/11\/DSCN3951_modif.jpg 600w, https:\/\/lozanoboots.com\/wp-content\/uploads\/2025\/11\/DSCN3951_modif-300x400.jpg 300w\" sizes=\"(max-width: 600px) 100vw, 600px\" \/>\t\t\t\t\t\t\t\t\t\t\t\t\t\t\t<\/div>\n\t\t\t\t<div class=\"elementor-element elementor-element-e1f9999 lb-thumb elementor-widget elementor-widget-image\" data-id=\"e1f9999\" data-element_type=\"widget\" data-e-type=\"widget\" data-widget_type=\"image.default\">\n\t\t\t\t\t\t\t\t\t\t\t\t\t\t\t<img decoding=\"async\" width=\"600\" height=\"800\" src=\"https:\/\/lozanoboots.com\/wp-content\/uploads\/2025\/11\/DSCN3947_modif.jpg\" class=\"attachment-large size-large wp-image-216\" alt=\"\" srcset=\"https:\/\/lozanoboots.com\/wp-content\/uploads\/2025\/11\/DSCN3947_modif.jpg 600w, https:\/\/lozanoboots.com\/wp-content\/uploads\/2025\/11\/DSCN3947_modif-300x400.jpg 300w\" sizes=\"(max-width: 600px) 100vw, 600px\" \/>\t\t\t\t\t\t\t\t\t\t\t\t\t\t\t<\/div>\n\t\t\t\t<div class=\"elementor-element elementor-element-d784c1f elementor-widget elementor-widget-image\" data-id=\"d784c1f\" data-element_type=\"widget\" data-e-type=\"widget\" data-widget_type=\"image.default\">\n\t\t\t\t\t\t\t\t\t\t\t\t\t\t\t<img loading=\"lazy\" decoding=\"async\" width=\"600\" height=\"800\" src=\"https:\/\/lozanoboots.com\/wp-content\/uploads\/2025\/11\/DSCN3942_modif.jpg\" class=\"attachment-large size-large wp-image-215\" alt=\"\" srcset=\"https:\/\/lozanoboots.com\/wp-content\/uploads\/2025\/11\/DSCN3942_modif.jpg 600w, https:\/\/lozanoboots.com\/wp-content\/uploads\/2025\/11\/DSCN3942_modif-300x400.jpg 300w\" sizes=\"(max-width: 600px) 100vw, 600px\" \/>\t\t\t\t\t\t\t\t\t\t\t\t\t\t\t<\/div>\n\t\t\t\t\t<\/div>\n\t\t\t\t<\/div>\n\t\t\t\t<div class=\"elementor-element elementor-element-5475416 elementor-widget__width-initial lb-main-image elementor-widget elementor-widget-image\" data-id=\"5475416\" data-element_type=\"widget\" data-e-type=\"widget\" data-widget_type=\"image.default\">\n\t\t\t\t\t\t\t\t\t\t\t\t\t\t\t<img loading=\"lazy\" decoding=\"async\" width=\"533\" height=\"800\" src=\"https:\/\/lozanoboots.com\/wp-content\/uploads\/2025\/11\/DSC_0822_modificada_modif.jpg\" class=\"attachment-large size-large wp-image-213\" alt=\"\" srcset=\"https:\/\/lozanoboots.com\/wp-content\/uploads\/2025\/11\/DSC_0822_modificada_modif.jpg 533w, https:\/\/lozanoboots.com\/wp-content\/uploads\/2025\/11\/DSC_0822_modificada_modif-300x450.jpg 300w, https:\/\/lozanoboots.com\/wp-content\/uploads\/2025\/11\/DSC_0822_modificada_modif-200x300.jpg 200w\" sizes=\"(max-width: 533px) 100vw, 533px\" \/>\t\t\t\t\t\t\t\t\t\t\t\t\t\t\t<\/div>\n\t\t<div class=\"elementor-element elementor-element-01057dc e-grid e-con-boxed e-con e-child\" data-id=\"01057dc\" data-element_type=\"container\" data-e-type=\"container\">\n\t\t\t\t\t<div class=\"e-con-inner\">\n\t\t\t\t<div class=\"elementor-element elementor-element-fc2e21b elementor-widget elementor-widget-text-editor\" data-id=\"fc2e21b\" data-element_type=\"widget\" data-e-type=\"widget\" data-widget_type=\"text-editor.default\">\n\t\t\t\t\t\t\t\t\t<p data-start=\"81\" data-end=\"269\">Nuestra bota de equitaci\u00f3n Classic Liso Negro hecha a medida es uno de nuestros modelos m\u00e1s vendidos, dise\u00f1ada para jinetes que buscan una bota de montar alta elegante y atemporal.<\/p><p data-start=\"271\" data-end=\"452\">Fabricada en piel Box Calf premium, incorpora cremallera YKK, suela Vibram especial para equitaci\u00f3n y construcci\u00f3n Goodyear Welted para m\u00e1xima durabilidad y confort.<\/p><p data-start=\"454\" data-end=\"522\">Fabricaci\u00f3n bajo pedido. Personalizable en nuestro configurador.<\/p>\t\t\t\t\t\t\t\t<\/div>\n\t\t\t\t<div class=\"elementor-element elementor-element-1d08fd3 elementor-align-center elementor-widget elementor-widget-button\" data-id=\"1d08fd3\" data-element_type=\"widget\" data-e-type=\"widget\" data-widget_type=\"button.default\">\n\t\t\t\t\t\t\t\t\t\t<a class=\"elementor-button elementor-button-link elementor-size-sm\" href=\"https:\/\/lozanoboots.com\/elementor-3383\/\">\n\t\t\t\t\t\t<span class=\"elementor-button-content-wrapper\">\n\t\t\t\t\t\t\t\t\t<span class=\"elementor-button-text\">Configura tu bota<\/span>\n\t\t\t\t\t<\/span>\n\t\t\t\t\t<\/a>\n\t\t\t\t\t\t\t\t<\/div>\n\t\t\t\t\t<\/div>\n\t\t\t\t<\/div>\n\t\t\t\t<\/div>\n\t\t\t\t<\/div>","protected":false},"excerpt":{"rendered":"<p>Nuestra bota de equitaci\u00f3n Classic Liso Negro hecha a medida es uno de nuestros modelos m\u00e1s vendidos, dise\u00f1ada para jinetes [&hellip;]<\/p>\n","protected":false},"author":1,"featured_media":0,"parent":1865,"menu_order":0,"comment_status":"closed","ping_status":"closed","template":"","meta":{"_eb_attr":"","site-sidebar-layout":"default","site-content-layout":"","ast-site-content-layout":"default","site-content-style":"default","site-sidebar-style":"default","ast-global-header-display":"","ast-banner-title-visibility":"","ast-main-header-display":"","ast-hfb-above-header-display":"","ast-hfb-below-header-display":"","ast-hfb-mobile-header-display":"","site-post-title":"","ast-breadcrumbs-content":"","ast-featured-img":"","footer-sml-layout":"","ast-disable-related-posts":"","theme-transparent-header-meta":"","adv-header-id-meta":"","stick-header-meta":"","header-above-stick-meta":"","header-main-stick-meta":"","header-below-stick-meta":"","astra-migrate-meta-layouts":"default","ast-page-background-enabled":"default","ast-page-background-meta":{"desktop":{"background-color":"var(--ast-global-color-5)","background-image":"","background-repeat":"repeat","background-position":"center center","background-size":"auto","background-attachment":"scroll","background-type":"","background-media":"","overlay-type":"","overlay-color":"","overlay-opacity":"","overlay-gradient":""},"tablet":{"background-color":"","background-image":"","background-repeat":"repeat","background-position":"center center","background-size":"auto","background-attachment":"scroll","background-type":"","background-media":"","overlay-type":"","overlay-color":"","overlay-opacity":"","overlay-gradient":""},"mobile":{"background-color":"","background-image":"","background-repeat":"repeat","background-position":"center center","background-size":"auto","background-attachment":"scroll","background-type":"","background-media":"","overlay-type":"","overlay-color":"","overlay-opacity":"","overlay-gradient":""}},"ast-content-background-meta":{"desktop":{"background-color":"var(--ast-global-color-4)","background-image":"","background-repeat":"repeat","background-position":"center center","background-size":"auto","background-attachment":"scroll","background-type":"","background-media":"","overlay-type":"","overlay-color":"","overlay-opacity":"","overlay-gradient":""},"tablet":{"background-color":"var(--ast-global-color-4)","background-image":"","background-repeat":"repeat","background-position":"center center","background-size":"auto","background-attachment":"scroll","background-type":"","background-media":"","overlay-type":"","overlay-color":"","overlay-opacity":"","overlay-gradient":""},"mobile":{"background-color":"var(--ast-global-color-4)","background-image":"","background-repeat":"repeat","background-position":"center center","background-size":"auto","background-attachment":"scroll","background-type":"","background-media":"","overlay-type":"","overlay-color":"","overlay-opacity":"","overlay-gradient":""}},"footnotes":""},"class_list":["post-334","page","type-page","status-publish","hentry"],"_links":{"self":[{"href":"https:\/\/lozanoboots.com\/en\/wp-json\/wp\/v2\/pages\/334","targetHints":{"allow":["GET"]}}],"collection":[{"href":"https:\/\/lozanoboots.com\/en\/wp-json\/wp\/v2\/pages"}],"about":[{"href":"https:\/\/lozanoboots.com\/en\/wp-json\/wp\/v2\/types\/page"}],"author":[{"embeddable":true,"href":"https:\/\/lozanoboots.com\/en\/wp-json\/wp\/v2\/users\/1"}],"replies":[{"embeddable":true,"href":"https:\/\/lozanoboots.com\/en\/wp-json\/wp\/v2\/comments?post=334"}],"version-history":[{"count":24,"href":"https:\/\/lozanoboots.com\/en\/wp-json\/wp\/v2\/pages\/334\/revisions"}],"predecessor-version":[{"id":4334,"href":"https:\/\/lozanoboots.com\/en\/wp-json\/wp\/v2\/pages\/334\/revisions\/4334"}],"up":[{"embeddable":true,"href":"https:\/\/lozanoboots.com\/en\/wp-json\/wp\/v2\/pages\/1865"}],"wp:attachment":[{"href":"https:\/\/lozanoboots.com\/en\/wp-json\/wp\/v2\/media?parent=334"}],"curies":[{"name":"wp","href":"https:\/\/api.w.org\/{rel}","templated":true}]}}