{"id":357,"date":"2026-01-24T16:38:01","date_gmt":"2026-01-24T16:38:01","guid":{"rendered":"https:\/\/lozanoboots.com\/?page_id=357"},"modified":"2026-03-09T08:31:04","modified_gmt":"2026-03-09T08:31:04","slug":"classic-liso-crystal","status":"publish","type":"page","link":"https:\/\/lozanoboots.com\/en\/botas\/classic-liso\/classic-liso-crystal\/","title":{"rendered":"Classic Liso Crystal"},"content":{"rendered":"<div data-elementor-type=\"wp-page\" data-elementor-id=\"357\" class=\"elementor elementor-357\">\n\t\t\t\t<div class=\"elementor-element elementor-element-0b408ab e-grid e-con-full e-con e-parent\" data-id=\"0b408ab\" data-element_type=\"container\" data-e-type=\"container\">\n\t\t<div class=\"elementor-element elementor-element-671648e e-flex e-con-boxed e-con e-child\" data-id=\"671648e\" data-element_type=\"container\" data-e-type=\"container\">\n\t\t\t\t\t<div class=\"e-con-inner\">\n\t\t\t\t<div class=\"elementor-element elementor-element-b053ab4 lb-thumb elementor-widget elementor-widget-image\" data-id=\"b053ab4\" data-element_type=\"widget\" data-e-type=\"widget\" data-widget_type=\"image.default\">\n\t\t\t\t\t\t\t\t\t\t\t\t\t\t\t<img fetchpriority=\"high\" decoding=\"async\" width=\"800\" height=\"600\" src=\"https:\/\/lozanoboots.com\/wp-content\/uploads\/2025\/11\/DSCN3430_modif.jpg\" class=\"attachment-large size-large wp-image-293\" alt=\"\" srcset=\"https:\/\/lozanoboots.com\/wp-content\/uploads\/2025\/11\/DSCN3430_modif.jpg 800w, https:\/\/lozanoboots.com\/wp-content\/uploads\/2025\/11\/DSCN3430_modif-600x450.jpg 600w, https:\/\/lozanoboots.com\/wp-content\/uploads\/2025\/11\/DSCN3430_modif-300x225.jpg 300w, https:\/\/lozanoboots.com\/wp-content\/uploads\/2025\/11\/DSCN3430_modif-768x576.jpg 768w\" sizes=\"(max-width: 800px) 100vw, 800px\" \/>\t\t\t\t\t\t\t\t\t\t\t\t\t\t\t<\/div>\n\t\t\t\t<div class=\"elementor-element elementor-element-392e9be lb-thumb elementor-widget elementor-widget-image\" data-id=\"392e9be\" data-element_type=\"widget\" data-e-type=\"widget\" data-widget_type=\"image.default\">\n\t\t\t\t\t\t\t\t\t\t\t\t\t\t\t<img decoding=\"async\" width=\"800\" height=\"600\" src=\"https:\/\/lozanoboots.com\/wp-content\/uploads\/2025\/11\/DSCN3426_modif.jpg\" class=\"attachment-large size-large wp-image-294\" alt=\"\" srcset=\"https:\/\/lozanoboots.com\/wp-content\/uploads\/2025\/11\/DSCN3426_modif.jpg 800w, https:\/\/lozanoboots.com\/wp-content\/uploads\/2025\/11\/DSCN3426_modif-600x450.jpg 600w, https:\/\/lozanoboots.com\/wp-content\/uploads\/2025\/11\/DSCN3426_modif-300x225.jpg 300w\" sizes=\"(max-width: 800px) 100vw, 800px\" \/>\t\t\t\t\t\t\t\t\t\t\t\t\t\t\t<\/div>\n\t\t\t\t<div class=\"elementor-element elementor-element-3415024 lb-thumb elementor-widget elementor-widget-image\" data-id=\"3415024\" data-element_type=\"widget\" data-e-type=\"widget\" data-widget_type=\"image.default\">\n\t\t\t\t\t\t\t\t\t\t\t\t\t\t\t<img decoding=\"async\" width=\"1024\" height=\"768\" src=\"https:\/\/lozanoboots.com\/wp-content\/uploads\/2025\/11\/DSCN3491.jpg\" class=\"attachment-large size-large wp-image-203\" alt=\"\" srcset=\"https:\/\/lozanoboots.com\/wp-content\/uploads\/2025\/11\/DSCN3491.jpg 1024w, https:\/\/lozanoboots.com\/wp-content\/uploads\/2025\/11\/DSCN3491-600x450.jpg 600w, https:\/\/lozanoboots.com\/wp-content\/uploads\/2025\/11\/DSCN3491-300x225.jpg 300w\" sizes=\"(max-width: 1024px) 100vw, 1024px\" \/>\t\t\t\t\t\t\t\t\t\t\t\t\t\t\t<\/div>\n\t\t\t\t\t<\/div>\n\t\t\t\t<\/div>\n\t\t\t\t<div class=\"elementor-element elementor-element-06a738d elementor-widget__width-initial lb-main-image elementor-widget elementor-widget-image\" data-id=\"06a738d\" data-element_type=\"widget\" data-e-type=\"widget\" data-widget_type=\"image.default\">\n\t\t\t\t\t\t\t\t\t\t\t\t\t\t\t<img loading=\"lazy\" decoding=\"async\" width=\"576\" height=\"768\" src=\"https:\/\/lozanoboots.com\/wp-content\/uploads\/2025\/11\/DSCN3477-1.jpg\" class=\"attachment-large size-large wp-image-209\" alt=\"\" srcset=\"https:\/\/lozanoboots.com\/wp-content\/uploads\/2025\/11\/DSCN3477-1.jpg 576w, https:\/\/lozanoboots.com\/wp-content\/uploads\/2025\/11\/DSCN3477-1-300x400.jpg 300w, https:\/\/lozanoboots.com\/wp-content\/uploads\/2025\/11\/DSCN3477-1-225x300.jpg 225w\" sizes=\"(max-width: 576px) 100vw, 576px\" \/>\t\t\t\t\t\t\t\t\t\t\t\t\t\t\t<\/div>\n\t\t<div class=\"elementor-element elementor-element-b4d910d e-grid e-con-boxed e-con e-child\" data-id=\"b4d910d\" data-element_type=\"container\" data-e-type=\"container\">\n\t\t\t\t\t<div class=\"e-con-inner\">\n\t\t\t\t<div class=\"elementor-element elementor-element-4524846 elementor-widget elementor-widget-text-editor\" data-id=\"4524846\" data-element_type=\"widget\" data-e-type=\"widget\" data-widget_type=\"text-editor.default\">\n\t\t\t\t\t\t\t\t\t<p data-start=\"121\" data-end=\"302\">Nuestra bota de equitaci\u00f3n Classic Liso Crystal hecha a medida combina la elegancia cl\u00e1sica de la bota lisa con un exclusivo detalle de cristales que aporta brillo y distinci\u00f3n.<\/p><p data-start=\"304\" data-end=\"477\">Fabricada en piel Box Calf premium, incorpora cremallera YKK, suela Vibram especial para equitaci\u00f3n y construcci\u00f3n Goodyear Welted para m\u00e1xima durabilidad y confort.<\/p><p data-start=\"479\" data-end=\"547\" data-is-last-node=\"\" data-is-only-node=\"\">Fabricaci\u00f3n bajo pedido. Personalizable en nuestro configurador<strong data-start=\"479\" data-end=\"547\" data-is-last-node=\"\">.<\/strong><\/p>\t\t\t\t\t\t\t\t<\/div>\n\t\t\t\t<div class=\"elementor-element elementor-element-005e9c9 elementor-align-center elementor-widget elementor-widget-button\" data-id=\"005e9c9\" data-element_type=\"widget\" data-e-type=\"widget\" data-widget_type=\"button.default\">\n\t\t\t\t\t\t\t\t\t\t<a class=\"elementor-button elementor-button-link elementor-size-sm\" href=\"https:\/\/lozanoboots.com\/elementor-3383\/\">\n\t\t\t\t\t\t<span class=\"elementor-button-content-wrapper\">\n\t\t\t\t\t\t\t\t\t<span class=\"elementor-button-text\">Configura tu bota<\/span>\n\t\t\t\t\t<\/span>\n\t\t\t\t\t<\/a>\n\t\t\t\t\t\t\t\t<\/div>\n\t\t\t\t\t<\/div>\n\t\t\t\t<\/div>\n\t\t\t\t<\/div>\n\t\t\t\t<\/div>","protected":false},"excerpt":{"rendered":"<p>Nuestra bota de equitaci\u00f3n Classic Liso Crystal hecha a medida combina la elegancia cl\u00e1sica de la bota lisa con un [&hellip;]<\/p>\n","protected":false},"author":1,"featured_media":0,"parent":1865,"menu_order":0,"comment_status":"closed","ping_status":"closed","template":"","meta":{"_eb_attr":"","site-sidebar-layout":"default","site-content-layout":"","ast-site-content-layout":"default","site-content-style":"default","site-sidebar-style":"default","ast-global-header-display":"","ast-banner-title-visibility":"","ast-main-header-display":"","ast-hfb-above-header-display":"","ast-hfb-below-header-display":"","ast-hfb-mobile-header-display":"","site-post-title":"","ast-breadcrumbs-content":"","ast-featured-img":"","footer-sml-layout":"","ast-disable-related-posts":"","theme-transparent-header-meta":"","adv-header-id-meta":"","stick-header-meta":"","header-above-stick-meta":"","header-main-stick-meta":"","header-below-stick-meta":"","astra-migrate-meta-layouts":"default","ast-page-background-enabled":"default","ast-page-background-meta":{"desktop":{"background-color":"var(--ast-global-color-5)","background-image":"","background-repeat":"repeat","background-position":"center center","background-size":"auto","background-attachment":"scroll","background-type":"","background-media":"","overlay-type":"","overlay-color":"","overlay-opacity":"","overlay-gradient":""},"tablet":{"background-color":"","background-image":"","background-repeat":"repeat","background-position":"center center","background-size":"auto","background-attachment":"scroll","background-type":"","background-media":"","overlay-type":"","overlay-color":"","overlay-opacity":"","overlay-gradient":""},"mobile":{"background-color":"","background-image":"","background-repeat":"repeat","background-position":"center center","background-size":"auto","background-attachment":"scroll","background-type":"","background-media":"","overlay-type":"","overlay-color":"","overlay-opacity":"","overlay-gradient":""}},"ast-content-background-meta":{"desktop":{"background-color":"var(--ast-global-color-4)","background-image":"","background-repeat":"repeat","background-position":"center center","background-size":"auto","background-attachment":"scroll","background-type":"","background-media":"","overlay-type":"","overlay-color":"","overlay-opacity":"","overlay-gradient":""},"tablet":{"background-color":"var(--ast-global-color-4)","background-image":"","background-repeat":"repeat","background-position":"center center","background-size":"auto","background-attachment":"scroll","background-type":"","background-media":"","overlay-type":"","overlay-color":"","overlay-opacity":"","overlay-gradient":""},"mobile":{"background-color":"var(--ast-global-color-4)","background-image":"","background-repeat":"repeat","background-position":"center center","background-size":"auto","background-attachment":"scroll","background-type":"","background-media":"","overlay-type":"","overlay-color":"","overlay-opacity":"","overlay-gradient":""}},"footnotes":""},"class_list":["post-357","page","type-page","status-publish","hentry"],"_links":{"self":[{"href":"https:\/\/lozanoboots.com\/en\/wp-json\/wp\/v2\/pages\/357","targetHints":{"allow":["GET"]}}],"collection":[{"href":"https:\/\/lozanoboots.com\/en\/wp-json\/wp\/v2\/pages"}],"about":[{"href":"https:\/\/lozanoboots.com\/en\/wp-json\/wp\/v2\/types\/page"}],"author":[{"embeddable":true,"href":"https:\/\/lozanoboots.com\/en\/wp-json\/wp\/v2\/users\/1"}],"replies":[{"embeddable":true,"href":"https:\/\/lozanoboots.com\/en\/wp-json\/wp\/v2\/comments?post=357"}],"version-history":[{"count":9,"href":"https:\/\/lozanoboots.com\/en\/wp-json\/wp\/v2\/pages\/357\/revisions"}],"predecessor-version":[{"id":4361,"href":"https:\/\/lozanoboots.com\/en\/wp-json\/wp\/v2\/pages\/357\/revisions\/4361"}],"up":[{"embeddable":true,"href":"https:\/\/lozanoboots.com\/en\/wp-json\/wp\/v2\/pages\/1865"}],"wp:attachment":[{"href":"https:\/\/lozanoboots.com\/en\/wp-json\/wp\/v2\/media?parent=357"}],"curies":[{"name":"wp","href":"https:\/\/api.w.org\/{rel}","templated":true}]}}