{"id":4370,"date":"2026-03-09T09:25:16","date_gmt":"2026-03-09T09:25:16","guid":{"rendered":"https:\/\/lozanoboots.com\/?page_id=4370"},"modified":"2026-03-09T09:34:50","modified_gmt":"2026-03-09T09:34:50","slug":"elementor-4370","status":"publish","type":"page","link":"https:\/\/lozanoboots.com\/en\/elementor-4370\/","title":{"rendered":"Classic Cordones Negro Pulido Swarovski"},"content":{"rendered":"<div data-elementor-type=\"wp-page\" data-elementor-id=\"4370\" class=\"elementor elementor-4370\">\n\t\t\t\t<div class=\"elementor-element elementor-element-3b075ea e-grid e-con-full e-con e-parent\" data-id=\"3b075ea\" data-element_type=\"container\" data-e-type=\"container\">\n\t\t<div class=\"elementor-element elementor-element-a9347d7 e-flex e-con-boxed e-con e-child\" data-id=\"a9347d7\" data-element_type=\"container\" data-e-type=\"container\">\n\t\t\t\t\t<div class=\"e-con-inner\">\n\t\t\t\t<div class=\"elementor-element elementor-element-bc72b2b lb-thumb elementor-widget elementor-widget-image\" data-id=\"bc72b2b\" data-element_type=\"widget\" data-e-type=\"widget\" data-widget_type=\"image.default\">\n\t\t\t\t\t\t\t\t\t\t\t\t\t\t\t<img fetchpriority=\"high\" decoding=\"async\" width=\"683\" height=\"1024\" src=\"https:\/\/lozanoboots.com\/wp-content\/uploads\/2025\/11\/DSC_0660_01-683x1024.jpg\" class=\"attachment-large size-large wp-image-450\" alt=\"\" srcset=\"https:\/\/lozanoboots.com\/wp-content\/uploads\/2025\/11\/DSC_0660_01-683x1024.jpg 683w, https:\/\/lozanoboots.com\/wp-content\/uploads\/2025\/11\/DSC_0660_01-scaled-600x900.jpg 600w, https:\/\/lozanoboots.com\/wp-content\/uploads\/2025\/11\/DSC_0660_01-scaled-300x450.jpg 300w, https:\/\/lozanoboots.com\/wp-content\/uploads\/2025\/11\/DSC_0660_01-200x300.jpg 200w, https:\/\/lozanoboots.com\/wp-content\/uploads\/2025\/11\/DSC_0660_01-768x1152.jpg 768w, https:\/\/lozanoboots.com\/wp-content\/uploads\/2025\/11\/DSC_0660_01-1024x1536.jpg 1024w, https:\/\/lozanoboots.com\/wp-content\/uploads\/2025\/11\/DSC_0660_01-1365x2048.jpg 1365w, https:\/\/lozanoboots.com\/wp-content\/uploads\/2025\/11\/DSC_0660_01-scaled.jpg 1707w\" sizes=\"(max-width: 683px) 100vw, 683px\" \/>\t\t\t\t\t\t\t\t\t\t\t\t\t\t\t<\/div>\n\t\t\t\t<div class=\"elementor-element elementor-element-c461684 elementor-widget elementor-widget-image\" data-id=\"c461684\" data-element_type=\"widget\" data-e-type=\"widget\" data-widget_type=\"image.default\">\n\t\t\t\t\t\t\t\t\t\t\t\t\t\t\t<img decoding=\"async\" width=\"1024\" height=\"683\" src=\"https:\/\/lozanoboots.com\/wp-content\/uploads\/2025\/11\/DSC_0627_01-1024x683.jpg\" class=\"attachment-large size-large wp-image-448\" alt=\"\" srcset=\"https:\/\/lozanoboots.com\/wp-content\/uploads\/2025\/11\/DSC_0627_01-1024x683.jpg 1024w, https:\/\/lozanoboots.com\/wp-content\/uploads\/2025\/11\/DSC_0627_01-scaled-600x400.jpg 600w, https:\/\/lozanoboots.com\/wp-content\/uploads\/2025\/11\/DSC_0627_01-300x200.jpg 300w, https:\/\/lozanoboots.com\/wp-content\/uploads\/2025\/11\/DSC_0627_01-768x512.jpg 768w, https:\/\/lozanoboots.com\/wp-content\/uploads\/2025\/11\/DSC_0627_01-1536x1024.jpg 1536w, https:\/\/lozanoboots.com\/wp-content\/uploads\/2025\/11\/DSC_0627_01-2048x1365.jpg 2048w\" sizes=\"(max-width: 1024px) 100vw, 1024px\" \/>\t\t\t\t\t\t\t\t\t\t\t\t\t\t\t<\/div>\n\t\t\t\t<div class=\"elementor-element elementor-element-dafde0c lb-thumb elementor-widget elementor-widget-image\" data-id=\"dafde0c\" data-element_type=\"widget\" data-e-type=\"widget\" data-widget_type=\"image.default\">\n\t\t\t\t\t\t\t\t\t\t\t\t\t\t\t<img decoding=\"async\" width=\"1024\" height=\"683\" src=\"https:\/\/lozanoboots.com\/wp-content\/uploads\/2025\/11\/DSC_0626_01-1024x683.jpg\" class=\"attachment-large size-large wp-image-447\" alt=\"\" srcset=\"https:\/\/lozanoboots.com\/wp-content\/uploads\/2025\/11\/DSC_0626_01-1024x683.jpg 1024w, https:\/\/lozanoboots.com\/wp-content\/uploads\/2025\/11\/DSC_0626_01-scaled-600x400.jpg 600w, https:\/\/lozanoboots.com\/wp-content\/uploads\/2025\/11\/DSC_0626_01-300x200.jpg 300w, https:\/\/lozanoboots.com\/wp-content\/uploads\/2025\/11\/DSC_0626_01-768x512.jpg 768w, https:\/\/lozanoboots.com\/wp-content\/uploads\/2025\/11\/DSC_0626_01-1536x1024.jpg 1536w, https:\/\/lozanoboots.com\/wp-content\/uploads\/2025\/11\/DSC_0626_01-2048x1365.jpg 2048w\" sizes=\"(max-width: 1024px) 100vw, 1024px\" \/>\t\t\t\t\t\t\t\t\t\t\t\t\t\t\t<\/div>\n\t\t\t\t<div class=\"elementor-element elementor-element-185ba18 elementor-widget elementor-widget-image\" data-id=\"185ba18\" data-element_type=\"widget\" data-e-type=\"widget\" data-widget_type=\"image.default\">\n\t\t\t\t\t\t\t\t\t\t\t\t\t\t\t<img loading=\"lazy\" decoding=\"async\" width=\"800\" height=\"533\" src=\"https:\/\/lozanoboots.com\/wp-content\/uploads\/2025\/11\/DSC_0276_modif.jpg\" class=\"attachment-large size-large wp-image-429\" alt=\"\" srcset=\"https:\/\/lozanoboots.com\/wp-content\/uploads\/2025\/11\/DSC_0276_modif.jpg 800w, https:\/\/lozanoboots.com\/wp-content\/uploads\/2025\/11\/DSC_0276_modif-600x400.jpg 600w, https:\/\/lozanoboots.com\/wp-content\/uploads\/2025\/11\/DSC_0276_modif-300x200.jpg 300w\" sizes=\"(max-width: 800px) 100vw, 800px\" \/>\t\t\t\t\t\t\t\t\t\t\t\t\t\t\t<\/div>\n\t\t\t\t\t<\/div>\n\t\t\t\t<\/div>\n\t\t\t\t<div class=\"elementor-element elementor-element-48e5a8d elementor-widget__width-initial lb-main-image elementor-widget elementor-widget-image\" data-id=\"48e5a8d\" data-element_type=\"widget\" data-e-type=\"widget\" data-widget_type=\"image.default\">\n\t\t\t\t\t\t\t\t\t\t\t\t\t\t\t<img loading=\"lazy\" decoding=\"async\" width=\"683\" height=\"1024\" src=\"https:\/\/lozanoboots.com\/wp-content\/uploads\/2025\/11\/DSC_0625_01-scaled.jpg\" class=\"attachment-large size-large wp-image-446\" alt=\"\" srcset=\"https:\/\/lozanoboots.com\/wp-content\/uploads\/2025\/11\/DSC_0625_01-scaled.jpg 1707w, https:\/\/lozanoboots.com\/wp-content\/uploads\/2025\/11\/DSC_0625_01-scaled-600x900.jpg 600w, https:\/\/lozanoboots.com\/wp-content\/uploads\/2025\/11\/DSC_0625_01-scaled-300x450.jpg 300w\" sizes=\"(max-width: 683px) 100vw, 683px\" \/>\t\t\t\t\t\t\t\t\t\t\t\t\t\t\t<\/div>\n\t\t<div class=\"elementor-element elementor-element-da4e1f7 e-grid e-con-boxed e-con e-child\" data-id=\"da4e1f7\" data-element_type=\"container\" data-e-type=\"container\">\n\t\t\t\t\t<div class=\"e-con-inner\">\n\t\t\t\t<div class=\"elementor-element elementor-element-196f124 elementor-widget elementor-widget-text-editor\" data-id=\"196f124\" data-element_type=\"widget\" data-e-type=\"widget\" data-widget_type=\"text-editor.default\">\n\t\t\t\t\t\t\t\t\t<p data-start=\"87\" data-end=\"278\">Nuestra bota de equitaci\u00f3n Classic Cordones Negro Pulido Swarovski hecha a medida combina el dise\u00f1o t\u00e9cnico de la bota con cordones con un elegante detalle de cristales que aporta brillo y distinci\u00f3n.<\/p>\n<p data-start=\"280\" data-end=\"496\">Fabricada en piel Box Calf premium, incorpora cordones frontales para un ajuste preciso, cremallera YKK, suela Vibram especial para equitaci\u00f3n y construcci\u00f3n Goodyear Welted para m\u00e1xima durabilidad y confort.<\/p>\n<p data-start=\"498\" data-end=\"566\" data-is-last-node=\"\" data-is-only-node=\"\">Fabricaci\u00f3n bajo pedido. Personalizable en nuestro configurador<\/p>\t\t\t\t\t\t\t\t<\/div>\n\t\t\t\t<div class=\"elementor-element elementor-element-7ede432 elementor-align-center elementor-widget elementor-widget-button\" data-id=\"7ede432\" data-element_type=\"widget\" data-e-type=\"widget\" data-widget_type=\"button.default\">\n\t\t\t\t\t\t\t\t\t\t<a class=\"elementor-button elementor-button-link elementor-size-sm\" href=\"https:\/\/lozanoboots.com\/elementor-3383\/\">\n\t\t\t\t\t\t<span class=\"elementor-button-content-wrapper\">\n\t\t\t\t\t\t\t\t\t<span class=\"elementor-button-text\">Configura tu bota<\/span>\n\t\t\t\t\t<\/span>\n\t\t\t\t\t<\/a>\n\t\t\t\t\t\t\t\t<\/div>\n\t\t\t\t\t<\/div>\n\t\t\t\t<\/div>\n\t\t\t\t<\/div>\n\t\t\t\t<\/div>","protected":false},"excerpt":{"rendered":"<p>Nuestra bota de equitaci\u00f3n Classic Cordones Negro Pulido Swarovski hecha a medida combina el dise\u00f1o t\u00e9cnico de la bota con [&hellip;]<\/p>\n","protected":false},"author":1,"featured_media":0,"parent":0,"menu_order":0,"comment_status":"closed","ping_status":"closed","template":"","meta":{"_eb_attr":"","site-sidebar-layout":"no-sidebar","site-content-layout":"","ast-site-content-layout":"full-width-container","site-content-style":"default","site-sidebar-style":"default","ast-global-header-display":"","ast-banner-title-visibility":"","ast-main-header-display":"","ast-hfb-above-header-display":"","ast-hfb-below-header-display":"","ast-hfb-mobile-header-display":"","site-post-title":"","ast-breadcrumbs-content":"","ast-featured-img":"disabled","footer-sml-layout":"","ast-disable-related-posts":"","theme-transparent-header-meta":"","adv-header-id-meta":"","stick-header-meta":"","header-above-stick-meta":"","header-main-stick-meta":"","header-below-stick-meta":"","astra-migrate-meta-layouts":"default","ast-page-background-enabled":"default","ast-page-background-meta":{"desktop":{"background-color":"var(--ast-global-color-5)","background-image":"","background-repeat":"repeat","background-position":"center center","background-size":"auto","background-attachment":"scroll","background-type":"","background-media":"","overlay-type":"","overlay-color":"","overlay-opacity":"","overlay-gradient":""},"tablet":{"background-color":"","background-image":"","background-repeat":"repeat","background-position":"center center","background-size":"auto","background-attachment":"scroll","background-type":"","background-media":"","overlay-type":"","overlay-color":"","overlay-opacity":"","overlay-gradient":""},"mobile":{"background-color":"","background-image":"","background-repeat":"repeat","background-position":"center center","background-size":"auto","background-attachment":"scroll","background-type":"","background-media":"","overlay-type":"","overlay-color":"","overlay-opacity":"","overlay-gradient":""}},"ast-content-background-meta":{"desktop":{"background-color":"var(--ast-global-color-4)","background-image":"","background-repeat":"repeat","background-position":"center center","background-size":"auto","background-attachment":"scroll","background-type":"","background-media":"","overlay-type":"","overlay-color":"","overlay-opacity":"","overlay-gradient":""},"tablet":{"background-color":"var(--ast-global-color-4)","background-image":"","background-repeat":"repeat","background-position":"center center","background-size":"auto","background-attachment":"scroll","background-type":"","background-media":"","overlay-type":"","overlay-color":"","overlay-opacity":"","overlay-gradient":""},"mobile":{"background-color":"var(--ast-global-color-4)","background-image":"","background-repeat":"repeat","background-position":"center center","background-size":"auto","background-attachment":"scroll","background-type":"","background-media":"","overlay-type":"","overlay-color":"","overlay-opacity":"","overlay-gradient":""}},"footnotes":""},"class_list":["post-4370","page","type-page","status-publish","hentry"],"_links":{"self":[{"href":"https:\/\/lozanoboots.com\/en\/wp-json\/wp\/v2\/pages\/4370","targetHints":{"allow":["GET"]}}],"collection":[{"href":"https:\/\/lozanoboots.com\/en\/wp-json\/wp\/v2\/pages"}],"about":[{"href":"https:\/\/lozanoboots.com\/en\/wp-json\/wp\/v2\/types\/page"}],"author":[{"embeddable":true,"href":"https:\/\/lozanoboots.com\/en\/wp-json\/wp\/v2\/users\/1"}],"replies":[{"embeddable":true,"href":"https:\/\/lozanoboots.com\/en\/wp-json\/wp\/v2\/comments?post=4370"}],"version-history":[{"count":12,"href":"https:\/\/lozanoboots.com\/en\/wp-json\/wp\/v2\/pages\/4370\/revisions"}],"predecessor-version":[{"id":4382,"href":"https:\/\/lozanoboots.com\/en\/wp-json\/wp\/v2\/pages\/4370\/revisions\/4382"}],"wp:attachment":[{"href":"https:\/\/lozanoboots.com\/en\/wp-json\/wp\/v2\/media?parent=4370"}],"curies":[{"name":"wp","href":"https:\/\/api.w.org\/{rel}","templated":true}]}}