{"id":4410,"date":"2026-03-16T13:05:44","date_gmt":"2026-03-16T13:05:44","guid":{"rendered":"https:\/\/lozanoboots.com\/?page_id=4410"},"modified":"2026-03-20T10:51:38","modified_gmt":"2026-03-20T10:51:38","slug":"como-se-hacen","status":"publish","type":"page","link":"https:\/\/lozanoboots.com\/en\/como-se-hacen\/","title":{"rendered":"C\u00f3mo se hacen"},"content":{"rendered":"<div data-elementor-type=\"wp-page\" data-elementor-id=\"4410\" class=\"elementor elementor-4410\">\n\t\t\t\t<div class=\"elementor-element elementor-element-9c2d1d8 e-flex e-con-boxed e-con e-parent\" data-id=\"9c2d1d8\" data-element_type=\"container\" data-e-type=\"container\" data-settings=\"{&quot;background_background&quot;:&quot;classic&quot;}\">\n\t\t\t\t\t<div class=\"e-con-inner\">\n\t\t<div class=\"elementor-element elementor-element-7fb334c e-con-full e-grid e-con e-child\" data-id=\"7fb334c\" data-element_type=\"container\" data-e-type=\"container\" data-settings=\"{&quot;background_background&quot;:&quot;classic&quot;}\">\n\t\t\t\t<div class=\"elementor-element elementor-element-0736adb elementor-widget elementor-widget-heading\" data-id=\"0736adb\" data-element_type=\"widget\" data-e-type=\"widget\" data-widget_type=\"heading.default\">\n\t\t\t\t\t<h1 class=\"elementor-heading-title elementor-size-default\">El arte de crear una bota<\/h1>\t\t\t\t<\/div>\n\t\t\t\t<\/div>\n\t\t\t\t<div class=\"elementor-element elementor-element-795206a elementor-widget elementor-widget-text-editor\" data-id=\"795206a\" data-element_type=\"widget\" data-e-type=\"widget\" data-widget_type=\"text-editor.default\">\n\t\t\t\t\t\t\t\t\t<div class=\"lz-header\"><p>Cada par nace de la precisi\u00f3n y el tiempo. Un proceso \u00edntegro que transforma la piel m\u00e1s noble en una obra pensada exclusivamente para ti<\/p><\/div>\t\t\t\t\t\t\t\t<\/div>\n\t\t\t\t\t<\/div>\n\t\t\t\t<\/div>\n\t\t<div class=\"elementor-element elementor-element-cb5fa6a e-flex e-con-boxed e-con e-parent\" data-id=\"cb5fa6a\" data-element_type=\"container\" data-e-type=\"container\" data-settings=\"{&quot;background_background&quot;:&quot;classic&quot;}\">\n\t\t\t\t\t<div class=\"e-con-inner\">\n\t\t<div class=\"elementor-element elementor-element-89dbd7a e-flex e-con-boxed e-con e-child\" data-id=\"89dbd7a\" data-element_type=\"container\" data-e-type=\"container\">\n\t\t\t\t\t<div class=\"e-con-inner\">\n\t\t\t\t<div class=\"elementor-element elementor-element-7570bec elementor-widget elementor-widget-video\" data-id=\"7570bec\" data-element_type=\"widget\" data-e-type=\"widget\" data-settings=\"{&quot;youtube_url&quot;:&quot;https:\\\/\\\/www.youtube.com\\\/watch?v=moas74oarCo&quot;,&quot;show_image_overlay&quot;:&quot;yes&quot;,&quot;image_overlay&quot;:{&quot;url&quot;:&quot;https:\\\/\\\/lozanoboots.com\\\/wp-content\\\/uploads\\\/2026\\\/03\\\/DSC_1043-scaled.jpg&quot;,&quot;id&quot;:4518,&quot;size&quot;:&quot;&quot;,&quot;alt&quot;:&quot;&quot;,&quot;source&quot;:&quot;library&quot;},&quot;video_type&quot;:&quot;youtube&quot;,&quot;controls&quot;:&quot;yes&quot;}\" data-widget_type=\"video.default\">\n\t\t\t\t\t\t\t<div class=\"elementor-wrapper elementor-open-inline\">\n\t\t\t<div class=\"elementor-video\"><\/div>\t\t\t\t<div class=\"elementor-custom-embed-image-overlay\" style=\"background-image: url(https:\/\/lozanoboots.com\/wp-content\/uploads\/2026\/03\/DSC_1043-scaled.jpg);\">\n\t\t\t\t\t\t\t\t\t\t\t\t\t\t\t\t<div class=\"elementor-custom-embed-play\" role=\"button\" aria-label=\"Reproducir v\u00eddeo\" tabindex=\"0\">\n\t\t\t\t\t\t\t<svg aria-hidden=\"true\" class=\"e-font-icon-svg e-eicon-play\" viewbox=\"0 0 1000 1000\" xmlns=\"http:\/\/www.w3.org\/2000\/svg\"><path d=\"M838 162C746 71 633 25 500 25 371 25 258 71 163 162 71 254 25 367 25 500 25 633 71 746 163 837 254 929 367 979 500 979 633 979 746 933 838 837 929 746 975 633 975 500 975 367 929 254 838 162M808 192C892 279 933 379 933 500 933 621 892 725 808 808 725 892 621 938 500 938 379 938 279 896 196 808 113 725 67 621 67 500 67 379 108 279 196 192 279 108 383 62 500 62 621 62 721 108 808 192M438 392V642L642 517 438 392Z\"><\/path><\/svg>\t\t\t\t\t\t<\/div>\n\t\t\t\t\t\t\t\t\t<\/div>\n\t\t\t\t\t<\/div>\n\t\t\t\t\t\t<\/div>\n\t\t\t\t\t<\/div>\n\t\t\t\t<\/div>\n\t\t\t\t\t<\/div>\n\t\t\t\t<\/div>\n\t\t<div class=\"elementor-element elementor-element-66f6f41 e-grid e-con-boxed e-con e-parent\" data-id=\"66f6f41\" data-element_type=\"container\" data-e-type=\"container\" data-settings=\"{&quot;background_background&quot;:&quot;classic&quot;}\">\n\t\t\t\t\t<div class=\"e-con-inner\">\n\t\t<div class=\"elementor-element elementor-element-66544ae e-con-full e-grid e-con e-child\" data-id=\"66544ae\" data-element_type=\"container\" data-e-type=\"container\" data-settings=\"{&quot;background_background&quot;:&quot;classic&quot;}\">\n\t\t\t\t<div class=\"elementor-element elementor-element-02bd5a8 elementor-widget elementor-widget-heading\" data-id=\"02bd5a8\" data-element_type=\"widget\" data-e-type=\"widget\" data-widget_type=\"heading.default\">\n\t\t\t\t\t<h2 class=\"elementor-heading-title elementor-size-default\">01<\/h2>\t\t\t\t<\/div>\n\t\t\t\t<div class=\"elementor-element elementor-element-3231cc4 elementor-widget elementor-widget-heading\" data-id=\"3231cc4\" data-element_type=\"widget\" data-e-type=\"widget\" data-widget_type=\"heading.default\">\n\t\t\t\t\t<h1 class=\"elementor-heading-title elementor-size-default\">Diseno y Patronaje personalizado\u200b<\/h1>\t\t\t\t<\/div>\n\t\t\t\t<div class=\"elementor-element elementor-element-b99e980 elementor-widget-divider--view-line elementor-widget elementor-widget-divider\" data-id=\"b99e980\" data-element_type=\"widget\" data-e-type=\"widget\" data-widget_type=\"divider.default\">\n\t\t\t\t\t\t\t<div class=\"elementor-divider\">\n\t\t\t<span class=\"elementor-divider-separator\">\n\t\t\t\t\t\t<\/span>\n\t\t<\/div>\n\t\t\t\t\t\t<\/div>\n\t\t\t\t<div class=\"elementor-element elementor-element-241afb5 elementor-widget elementor-widget-text-editor\" data-id=\"241afb5\" data-element_type=\"widget\" data-e-type=\"widget\" data-widget_type=\"text-editor.default\">\n\t\t\t\t\t\t\t\t\t<p>Trabajamos exclusivamente con pieles box calf de primera calidad, seleccionadas partida a partida. Su textura firme, su finura y su resistencia hacen de ella la elecci\u00f3n natural para la bota ecuestre de alto nivel.<\/p>\t\t\t\t\t\t\t\t<\/div>\n\t\t\t\t<\/div>\n\t\t<div class=\"elementor-element elementor-element-d61fb75 e-con-full e-flex e-con e-child\" data-id=\"d61fb75\" data-element_type=\"container\" data-e-type=\"container\">\n\t\t\t\t<div class=\"elementor-element elementor-element-98a4d16 elementor-widget elementor-widget-image\" data-id=\"98a4d16\" data-element_type=\"widget\" data-e-type=\"widget\" data-widget_type=\"image.default\">\n\t\t\t\t\t\t\t\t\t\t\t\t\t\t\t<img fetchpriority=\"high\" decoding=\"async\" width=\"1024\" height=\"683\" src=\"https:\/\/lozanoboots.com\/wp-content\/uploads\/2026\/03\/DSC_1080-1024x683.jpg\" class=\"attachment-large size-large wp-image-4476\" alt=\"\" srcset=\"https:\/\/lozanoboots.com\/wp-content\/uploads\/2026\/03\/DSC_1080-1024x683.jpg 1024w, https:\/\/lozanoboots.com\/wp-content\/uploads\/2026\/03\/DSC_1080-300x200.jpg 300w, https:\/\/lozanoboots.com\/wp-content\/uploads\/2026\/03\/DSC_1080-768x512.jpg 768w, https:\/\/lozanoboots.com\/wp-content\/uploads\/2026\/03\/DSC_1080-1536x1024.jpg 1536w, https:\/\/lozanoboots.com\/wp-content\/uploads\/2026\/03\/DSC_1080-2048x1365.jpg 2048w, https:\/\/lozanoboots.com\/wp-content\/uploads\/2026\/03\/DSC_1080-60x40.jpg 60w, https:\/\/lozanoboots.com\/wp-content\/uploads\/2026\/03\/DSC_1080-320x213.jpg 320w, https:\/\/lozanoboots.com\/wp-content\/uploads\/2026\/03\/DSC_1080-600x400.jpg 600w\" sizes=\"(max-width: 1024px) 100vw, 1024px\" \/>\t\t\t\t\t\t\t\t\t\t\t\t\t\t\t<\/div>\n\t\t\t\t<\/div>\n\t\t\t\t\t<\/div>\n\t\t\t\t<\/div>\n\t\t<div class=\"elementor-element elementor-element-f21e7bf e-grid e-con-boxed e-con e-parent\" data-id=\"f21e7bf\" data-element_type=\"container\" data-e-type=\"container\" data-settings=\"{&quot;background_background&quot;:&quot;classic&quot;}\">\n\t\t\t\t\t<div class=\"e-con-inner\">\n\t\t<div class=\"elementor-element elementor-element-94f8811 e-con-full e-flex e-con e-child\" data-id=\"94f8811\" data-element_type=\"container\" data-e-type=\"container\">\n\t\t\t\t<div class=\"elementor-element elementor-element-e7d14c1 elementor-widget elementor-widget-image\" data-id=\"e7d14c1\" data-element_type=\"widget\" data-e-type=\"widget\" data-widget_type=\"image.default\">\n\t\t\t\t\t\t\t\t\t\t\t\t\t\t\t<img decoding=\"async\" width=\"1024\" height=\"683\" src=\"https:\/\/lozanoboots.com\/wp-content\/uploads\/2026\/03\/DSC_0884.jpg\" class=\"attachment-large size-large wp-image-4478\" alt=\"\" srcset=\"https:\/\/lozanoboots.com\/wp-content\/uploads\/2026\/03\/DSC_0884.jpg 1024w, https:\/\/lozanoboots.com\/wp-content\/uploads\/2026\/03\/DSC_0884-300x200.jpg 300w, https:\/\/lozanoboots.com\/wp-content\/uploads\/2026\/03\/DSC_0884-768x512.jpg 768w, https:\/\/lozanoboots.com\/wp-content\/uploads\/2026\/03\/DSC_0884-60x40.jpg 60w, https:\/\/lozanoboots.com\/wp-content\/uploads\/2026\/03\/DSC_0884-320x213.jpg 320w, https:\/\/lozanoboots.com\/wp-content\/uploads\/2026\/03\/DSC_0884-600x400.jpg 600w\" sizes=\"(max-width: 1024px) 100vw, 1024px\" \/>\t\t\t\t\t\t\t\t\t\t\t\t\t\t\t<\/div>\n\t\t\t\t<\/div>\n\t\t<div class=\"elementor-element elementor-element-aa6e3b7 e-con-full e-grid e-con e-child\" data-id=\"aa6e3b7\" data-element_type=\"container\" data-e-type=\"container\" data-settings=\"{&quot;background_background&quot;:&quot;classic&quot;}\">\n\t\t\t\t<div class=\"elementor-element elementor-element-c0298a3 elementor-widget elementor-widget-heading\" data-id=\"c0298a3\" data-element_type=\"widget\" data-e-type=\"widget\" data-widget_type=\"heading.default\">\n\t\t\t\t\t<h2 class=\"elementor-heading-title elementor-size-default\">02<\/h2>\t\t\t\t<\/div>\n\t\t\t\t<div class=\"elementor-element elementor-element-d944a50 elementor-widget elementor-widget-heading\" data-id=\"d944a50\" data-element_type=\"widget\" data-e-type=\"widget\" data-widget_type=\"heading.default\">\n\t\t\t\t\t<h1 class=\"elementor-heading-title elementor-size-default\">Selecci\u00f3n de\npiel box calf<\/h1>\t\t\t\t<\/div>\n\t\t\t\t<div class=\"elementor-element elementor-element-eeffbfc elementor-widget elementor-widget-text-editor\" data-id=\"eeffbfc\" data-element_type=\"widget\" data-e-type=\"widget\" data-widget_type=\"text-editor.default\">\n\t\t\t\t\t\t\t\t\t<p>.<\/p>\t\t\t\t\t\t\t\t<\/div>\n\t\t\t\t<div class=\"elementor-element elementor-element-9a57504 elementor-widget elementor-widget-text-editor\" data-id=\"9a57504\" data-element_type=\"widget\" data-e-type=\"widget\" data-widget_type=\"text-editor.default\">\n\t\t\t\t\t\t\t\t\t<p>Trabajamos exclusivamente con pieles box calf de primera calidad, seleccionadas partida a partida. Su textura firme, su finura y su resistencia hacen de ella la elecci\u00f3n natural para la bota ecuestre de alto nivel.<\/p>\t\t\t\t\t\t\t\t<\/div>\n\t\t\t\t<\/div>\n\t\t\t\t\t<\/div>\n\t\t\t\t<\/div>\n\t\t<div class=\"elementor-element elementor-element-81076ee e-grid e-con-boxed e-con e-parent\" data-id=\"81076ee\" data-element_type=\"container\" data-e-type=\"container\" data-settings=\"{&quot;background_background&quot;:&quot;classic&quot;}\">\n\t\t\t\t\t<div class=\"e-con-inner\">\n\t\t<div class=\"elementor-element elementor-element-cc1bdae e-con-full e-grid e-con e-child\" data-id=\"cc1bdae\" data-element_type=\"container\" data-e-type=\"container\" data-settings=\"{&quot;background_background&quot;:&quot;classic&quot;}\">\n\t\t\t\t<div class=\"elementor-element elementor-element-3a3c495 elementor-widget elementor-widget-heading\" data-id=\"3a3c495\" data-element_type=\"widget\" data-e-type=\"widget\" data-widget_type=\"heading.default\">\n\t\t\t\t\t<h2 class=\"elementor-heading-title elementor-size-default\">03<\/h2>\t\t\t\t<\/div>\n\t\t\t\t<div class=\"elementor-element elementor-element-80e6018 elementor-widget elementor-widget-heading\" data-id=\"80e6018\" data-element_type=\"widget\" data-e-type=\"widget\" data-widget_type=\"heading.default\">\n\t\t\t\t\t<h1 class=\"elementor-heading-title elementor-size-default\">Corte manual\nrespetando el material<\/h1>\t\t\t\t<\/div>\n\t\t\t\t<div class=\"elementor-element elementor-element-9572593 elementor-widget elementor-widget-text-editor\" data-id=\"9572593\" data-element_type=\"widget\" data-e-type=\"widget\" data-widget_type=\"text-editor.default\">\n\t\t\t\t\t\t\t\t\t<p>.<\/p>\t\t\t\t\t\t\t\t<\/div>\n\t\t\t\t<div class=\"elementor-element elementor-element-ce50e7e elementor-widget elementor-widget-text-editor\" data-id=\"ce50e7e\" data-element_type=\"widget\" data-e-type=\"widget\" data-widget_type=\"text-editor.default\">\n\t\t\t\t\t\t\t\t\t<p>Trabajamos exclusivamente con pieles box calf de primera calidad, seleccionadas partida a partida. Su textura firme, su finura y su resistencia hacen de ella la elecci\u00f3n natural para la bota ecuestre de alto nivel.<\/p>\t\t\t\t\t\t\t\t<\/div>\n\t\t\t\t<\/div>\n\t\t<div class=\"elementor-element elementor-element-584efd7 e-con-full e-flex e-con e-child\" data-id=\"584efd7\" data-element_type=\"container\" data-e-type=\"container\">\n\t\t\t\t<div class=\"elementor-element elementor-element-7e69962 elementor-widget elementor-widget-image\" data-id=\"7e69962\" data-element_type=\"widget\" data-e-type=\"widget\" data-widget_type=\"image.default\">\n\t\t\t\t\t\t\t\t\t\t\t\t\t\t\t<img decoding=\"async\" width=\"1024\" height=\"683\" src=\"https:\/\/lozanoboots.com\/wp-content\/uploads\/2026\/03\/DSC_1109-1024x683.jpg\" class=\"attachment-large size-large wp-image-4477\" alt=\"\" srcset=\"https:\/\/lozanoboots.com\/wp-content\/uploads\/2026\/03\/DSC_1109-1024x683.jpg 1024w, https:\/\/lozanoboots.com\/wp-content\/uploads\/2026\/03\/DSC_1109-300x200.jpg 300w, https:\/\/lozanoboots.com\/wp-content\/uploads\/2026\/03\/DSC_1109-768x512.jpg 768w, https:\/\/lozanoboots.com\/wp-content\/uploads\/2026\/03\/DSC_1109-1536x1024.jpg 1536w, https:\/\/lozanoboots.com\/wp-content\/uploads\/2026\/03\/DSC_1109-2048x1365.jpg 2048w, https:\/\/lozanoboots.com\/wp-content\/uploads\/2026\/03\/DSC_1109-60x40.jpg 60w, https:\/\/lozanoboots.com\/wp-content\/uploads\/2026\/03\/DSC_1109-320x213.jpg 320w, https:\/\/lozanoboots.com\/wp-content\/uploads\/2026\/03\/DSC_1109-600x400.jpg 600w\" sizes=\"(max-width: 1024px) 100vw, 1024px\" \/>\t\t\t\t\t\t\t\t\t\t\t\t\t\t\t<\/div>\n\t\t\t\t<\/div>\n\t\t\t\t\t<\/div>\n\t\t\t\t<\/div>\n\t\t<div class=\"elementor-element elementor-element-1655f46 e-grid e-con-boxed e-con e-parent\" data-id=\"1655f46\" data-element_type=\"container\" data-e-type=\"container\" data-settings=\"{&quot;background_background&quot;:&quot;classic&quot;}\">\n\t\t\t\t\t<div class=\"e-con-inner\">\n\t\t<div class=\"elementor-element elementor-element-ec3c141 e-con-full e-flex e-con e-child\" data-id=\"ec3c141\" data-element_type=\"container\" data-e-type=\"container\">\n\t\t\t\t<div class=\"elementor-element elementor-element-324c128 elementor-widget elementor-widget-image\" data-id=\"324c128\" data-element_type=\"widget\" data-e-type=\"widget\" data-widget_type=\"image.default\">\n\t\t\t\t\t\t\t\t\t\t\t\t\t\t\t<img loading=\"lazy\" decoding=\"async\" width=\"1024\" height=\"683\" src=\"https:\/\/lozanoboots.com\/wp-content\/uploads\/2026\/03\/DSC_1025-1024x683.jpg\" class=\"attachment-large size-large wp-image-4475\" alt=\"\" srcset=\"https:\/\/lozanoboots.com\/wp-content\/uploads\/2026\/03\/DSC_1025-1024x683.jpg 1024w, https:\/\/lozanoboots.com\/wp-content\/uploads\/2026\/03\/DSC_1025-300x200.jpg 300w, https:\/\/lozanoboots.com\/wp-content\/uploads\/2026\/03\/DSC_1025-768x512.jpg 768w, https:\/\/lozanoboots.com\/wp-content\/uploads\/2026\/03\/DSC_1025-1536x1024.jpg 1536w, https:\/\/lozanoboots.com\/wp-content\/uploads\/2026\/03\/DSC_1025-2048x1365.jpg 2048w, https:\/\/lozanoboots.com\/wp-content\/uploads\/2026\/03\/DSC_1025-60x40.jpg 60w, https:\/\/lozanoboots.com\/wp-content\/uploads\/2026\/03\/DSC_1025-320x213.jpg 320w, https:\/\/lozanoboots.com\/wp-content\/uploads\/2026\/03\/DSC_1025-600x400.jpg 600w\" sizes=\"(max-width: 1024px) 100vw, 1024px\" \/>\t\t\t\t\t\t\t\t\t\t\t\t\t\t\t<\/div>\n\t\t\t\t<\/div>\n\t\t<div class=\"elementor-element elementor-element-3dc73f3 e-con-full e-grid e-con e-child\" data-id=\"3dc73f3\" data-element_type=\"container\" data-e-type=\"container\" data-settings=\"{&quot;background_background&quot;:&quot;classic&quot;}\">\n\t\t\t\t<div class=\"elementor-element elementor-element-7a0296f elementor-widget elementor-widget-heading\" data-id=\"7a0296f\" data-element_type=\"widget\" data-e-type=\"widget\" data-widget_type=\"heading.default\">\n\t\t\t\t\t<h2 class=\"elementor-heading-title elementor-size-default\">04<\/h2>\t\t\t\t<\/div>\n\t\t\t\t<div class=\"elementor-element elementor-element-9d36dbe elementor-widget elementor-widget-heading\" data-id=\"9d36dbe\" data-element_type=\"widget\" data-e-type=\"widget\" data-widget_type=\"heading.default\">\n\t\t\t\t\t<h1 class=\"elementor-heading-title elementor-size-default\">Montado Goodyear Welted<\/h1>\t\t\t\t<\/div>\n\t\t\t\t<div class=\"elementor-element elementor-element-a4e5e4e elementor-widget elementor-widget-text-editor\" data-id=\"a4e5e4e\" data-element_type=\"widget\" data-e-type=\"widget\" data-widget_type=\"text-editor.default\">\n\t\t\t\t\t\t\t\t\t<p>.<\/p>\t\t\t\t\t\t\t\t<\/div>\n\t\t\t\t<div class=\"elementor-element elementor-element-1c09f30 elementor-widget elementor-widget-text-editor\" data-id=\"1c09f30\" data-element_type=\"widget\" data-e-type=\"widget\" data-widget_type=\"text-editor.default\">\n\t\t\t\t\t\t\t\t\t<p class=\"lz-step-desc\">Utilizamos el m\u00e9todo de construcci\u00f3n Goodyear Welted con suela Vibram: el est\u00e1ndar m\u00e1s exigente de la zapater\u00eda artesanal. Una uni\u00f3n que permite reparar la suela indefinidamente, alargando la vida \u00fatil de cada par d\u00e9cadas.<\/p>\t\t\t\t\t\t\t\t<\/div>\n\t\t\t\t<\/div>\n\t\t\t\t\t<\/div>\n\t\t\t\t<\/div>\n\t\t<div class=\"elementor-element elementor-element-f70b02d e-grid e-con-boxed e-con e-parent\" data-id=\"f70b02d\" data-element_type=\"container\" data-e-type=\"container\" data-settings=\"{&quot;background_background&quot;:&quot;classic&quot;}\">\n\t\t\t\t\t<div class=\"e-con-inner\">\n\t\t<div class=\"elementor-element elementor-element-c6a535e e-con-full e-grid e-con e-child\" data-id=\"c6a535e\" data-element_type=\"container\" data-e-type=\"container\" data-settings=\"{&quot;background_background&quot;:&quot;classic&quot;}\">\n\t\t\t\t<div class=\"elementor-element elementor-element-f43beba elementor-widget elementor-widget-heading\" data-id=\"f43beba\" data-element_type=\"widget\" data-e-type=\"widget\" data-widget_type=\"heading.default\">\n\t\t\t\t\t<h2 class=\"elementor-heading-title elementor-size-default\">05<\/h2>\t\t\t\t<\/div>\n\t\t\t\t<div class=\"elementor-element elementor-element-60320c2 elementor-widget elementor-widget-heading\" data-id=\"60320c2\" data-element_type=\"widget\" data-e-type=\"widget\" data-widget_type=\"heading.default\">\n\t\t\t\t\t<h1 class=\"elementor-heading-title elementor-size-default\">Costura y acabados a mano<\/h1>\t\t\t\t<\/div>\n\t\t\t\t<div class=\"elementor-element elementor-element-9467e6b elementor-widget elementor-widget-text-editor\" data-id=\"9467e6b\" data-element_type=\"widget\" data-e-type=\"widget\" data-widget_type=\"text-editor.default\">\n\t\t\t\t\t\t\t\t\t<p>.<\/p>\t\t\t\t\t\t\t\t<\/div>\n\t\t\t\t<div class=\"elementor-element elementor-element-2cbe45f elementor-widget elementor-widget-text-editor\" data-id=\"2cbe45f\" data-element_type=\"widget\" data-e-type=\"widget\" data-widget_type=\"text-editor.default\">\n\t\t\t\t\t\t\t\t\t<p class=\"lz-step-desc\">La bota se cierra con puntadas manuales de hilo encerado y recibe un acabado minucioso: pulido, encerado y control de calidad pieza a pieza. Solo cuando cumple nuestros est\u00e1ndares, la bota lleva el nombre Lozano.<\/p>\t\t\t\t\t\t\t\t<\/div>\n\t\t\t\t<\/div>\n\t\t<div class=\"elementor-element elementor-element-b556a24 e-con-full e-flex e-con e-child\" data-id=\"b556a24\" data-element_type=\"container\" data-e-type=\"container\">\n\t\t\t\t<div class=\"elementor-element elementor-element-86dec0f elementor-widget elementor-widget-image\" data-id=\"86dec0f\" data-element_type=\"widget\" data-e-type=\"widget\" data-widget_type=\"image.default\">\n\t\t\t\t\t\t\t\t\t\t\t\t\t\t\t<img loading=\"lazy\" decoding=\"async\" width=\"1024\" height=\"690\" src=\"https:\/\/lozanoboots.com\/wp-content\/uploads\/2026\/03\/Screenshot-2026-03-18-at-10.24.11-pm.png\" class=\"attachment-large size-large wp-image-4480\" alt=\"\" \/>\t\t\t\t\t\t\t\t\t\t\t\t\t\t\t<\/div>\n\t\t\t\t<\/div>\n\t\t\t\t\t<\/div>\n\t\t\t\t<\/div>\n\t\t<div class=\"elementor-element elementor-element-fcb62d6 e-flex e-con-boxed e-con e-parent\" data-id=\"fcb62d6\" data-element_type=\"container\" data-e-type=\"container\" data-settings=\"{&quot;background_background&quot;:&quot;classic&quot;}\">\n\t\t\t\t\t<div class=\"e-con-inner\">\n\t\t\t\t<div class=\"elementor-element elementor-element-876063e elementor-widget elementor-widget-text-editor\" data-id=\"876063e\" data-element_type=\"widget\" data-e-type=\"widget\" data-widget_type=\"text-editor.default\">\n\t\t\t\t\t\t\t\t\t<p style=\"text-align: center;\"><em>\u00abCada bota es un compromiso con la excelencia\u00bb<\/em><\/p>\t\t\t\t\t\t\t\t<\/div>\n\t\t\t\t\t<\/div>\n\t\t\t\t<\/div>\n\t\t\t\t<\/div>","protected":false},"excerpt":{"rendered":"<p>El arte de crear una bota Cada par nace de la precisi\u00f3n y el tiempo. Un proceso \u00edntegro que transforma [&hellip;]<\/p>\n","protected":false},"author":1,"featured_media":0,"parent":0,"menu_order":0,"comment_status":"closed","ping_status":"closed","template":"","meta":{"_eb_attr":"","site-sidebar-layout":"no-sidebar","site-content-layout":"","ast-site-content-layout":"full-width-container","site-content-style":"default","site-sidebar-style":"default","ast-global-header-display":"","ast-banner-title-visibility":"","ast-main-header-display":"","ast-hfb-above-header-display":"","ast-hfb-below-header-display":"","ast-hfb-mobile-header-display":"","site-post-title":"disabled","ast-breadcrumbs-content":"","ast-featured-img":"disabled","footer-sml-layout":"","ast-disable-related-posts":"","theme-transparent-header-meta":"","adv-header-id-meta":"","stick-header-meta":"","header-above-stick-meta":"","header-main-stick-meta":"","header-below-stick-meta":"","astra-migrate-meta-layouts":"default","ast-page-background-enabled":"default","ast-page-background-meta":{"desktop":{"background-color":"var(--ast-global-color-5)","background-image":"","background-repeat":"repeat","background-position":"center center","background-size":"auto","background-attachment":"scroll","background-type":"","background-media":"","overlay-type":"","overlay-color":"","overlay-opacity":"","overlay-gradient":""},"tablet":{"background-color":"","background-image":"","background-repeat":"repeat","background-position":"center center","background-size":"auto","background-attachment":"scroll","background-type":"","background-media":"","overlay-type":"","overlay-color":"","overlay-opacity":"","overlay-gradient":""},"mobile":{"background-color":"","background-image":"","background-repeat":"repeat","background-position":"center center","background-size":"auto","background-attachment":"scroll","background-type":"","background-media":"","overlay-type":"","overlay-color":"","overlay-opacity":"","overlay-gradient":""}},"ast-content-background-meta":{"desktop":{"background-color":"var(--ast-global-color-4)","background-image":"","background-repeat":"repeat","background-position":"center center","background-size":"auto","background-attachment":"scroll","background-type":"","background-media":"","overlay-type":"","overlay-color":"","overlay-opacity":"","overlay-gradient":""},"tablet":{"background-color":"var(--ast-global-color-4)","background-image":"","background-repeat":"repeat","background-position":"center center","background-size":"auto","background-attachment":"scroll","background-type":"","background-media":"","overlay-type":"","overlay-color":"","overlay-opacity":"","overlay-gradient":""},"mobile":{"background-color":"var(--ast-global-color-4)","background-image":"","background-repeat":"repeat","background-position":"center center","background-size":"auto","background-attachment":"scroll","background-type":"","background-media":"","overlay-type":"","overlay-color":"","overlay-opacity":"","overlay-gradient":""}},"footnotes":""},"class_list":["post-4410","page","type-page","status-publish","hentry"],"_links":{"self":[{"href":"https:\/\/lozanoboots.com\/en\/wp-json\/wp\/v2\/pages\/4410","targetHints":{"allow":["GET"]}}],"collection":[{"href":"https:\/\/lozanoboots.com\/en\/wp-json\/wp\/v2\/pages"}],"about":[{"href":"https:\/\/lozanoboots.com\/en\/wp-json\/wp\/v2\/types\/page"}],"author":[{"embeddable":true,"href":"https:\/\/lozanoboots.com\/en\/wp-json\/wp\/v2\/users\/1"}],"replies":[{"embeddable":true,"href":"https:\/\/lozanoboots.com\/en\/wp-json\/wp\/v2\/comments?post=4410"}],"version-history":[{"count":105,"href":"https:\/\/lozanoboots.com\/en\/wp-json\/wp\/v2\/pages\/4410\/revisions"}],"predecessor-version":[{"id":4558,"href":"https:\/\/lozanoboots.com\/en\/wp-json\/wp\/v2\/pages\/4410\/revisions\/4558"}],"wp:attachment":[{"href":"https:\/\/lozanoboots.com\/en\/wp-json\/wp\/v2\/media?parent=4410"}],"curies":[{"name":"wp","href":"https:\/\/api.w.org\/{rel}","templated":true}]}}