{"id":539,"date":"2025-11-25T08:53:41","date_gmt":"2025-11-25T08:53:41","guid":{"rendered":"https:\/\/lozanoboots.com\/?page_id=539"},"modified":"2026-03-05T22:13:48","modified_gmt":"2026-03-05T22:13:48","slug":"classic-cordones-castano","status":"publish","type":"page","link":"https:\/\/lozanoboots.com\/en\/botas\/classic-cordones\/classic-cordones-castano\/","title":{"rendered":"Classic Cordones Casta\u00f1o"},"content":{"rendered":"<div data-elementor-type=\"wp-page\" data-elementor-id=\"539\" class=\"elementor elementor-539\">\n\t\t\t\t<div class=\"elementor-element elementor-element-009549a e-grid e-con-full e-con e-parent\" data-id=\"009549a\" data-element_type=\"container\" data-e-type=\"container\">\n\t\t<div class=\"elementor-element elementor-element-bd0b991 e-flex e-con-boxed e-con e-child\" data-id=\"bd0b991\" data-element_type=\"container\" data-e-type=\"container\">\n\t\t\t\t\t<div class=\"e-con-inner\">\n\t\t\t\t<div class=\"elementor-element elementor-element-6ebd5b7 lb-thumb elementor-widget elementor-widget-image\" data-id=\"6ebd5b7\" data-element_type=\"widget\" data-e-type=\"widget\" data-widget_type=\"image.default\">\n\t\t\t\t\t\t\t\t\t\t\t\t\t\t\t<img fetchpriority=\"high\" decoding=\"async\" width=\"800\" height=\"533\" src=\"https:\/\/lozanoboots.com\/wp-content\/uploads\/2025\/11\/DSC_0383_modif-1.jpg\" class=\"attachment-large size-large wp-image-541\" alt=\"Classic Cordones Casta\u00f1o\" srcset=\"https:\/\/lozanoboots.com\/wp-content\/uploads\/2025\/11\/DSC_0383_modif-1.jpg 800w, https:\/\/lozanoboots.com\/wp-content\/uploads\/2025\/11\/DSC_0383_modif-1-600x400.jpg 600w, https:\/\/lozanoboots.com\/wp-content\/uploads\/2025\/11\/DSC_0383_modif-1-300x200.jpg 300w, https:\/\/lozanoboots.com\/wp-content\/uploads\/2025\/11\/DSC_0383_modif-1-768x512.jpg 768w\" sizes=\"(max-width: 800px) 100vw, 800px\" \/>\t\t\t\t\t\t\t\t\t\t\t\t\t\t\t<\/div>\n\t\t\t\t<div class=\"elementor-element elementor-element-2d7dc5c lb-thumb elementor-widget elementor-widget-image\" data-id=\"2d7dc5c\" data-element_type=\"widget\" data-e-type=\"widget\" data-widget_type=\"image.default\">\n\t\t\t\t\t\t\t\t\t\t\t\t\t\t\t<img decoding=\"async\" width=\"576\" height=\"768\" src=\"https:\/\/lozanoboots.com\/wp-content\/uploads\/2025\/11\/DSCN3913-2.jpg\" class=\"attachment-large size-large wp-image-546\" alt=\"\" srcset=\"https:\/\/lozanoboots.com\/wp-content\/uploads\/2025\/11\/DSCN3913-2.jpg 576w, https:\/\/lozanoboots.com\/wp-content\/uploads\/2025\/11\/DSCN3913-2-300x400.jpg 300w\" sizes=\"(max-width: 576px) 100vw, 576px\" \/>\t\t\t\t\t\t\t\t\t\t\t\t\t\t\t<\/div>\n\t\t\t\t<div class=\"elementor-element elementor-element-7ea6664 lb-thumb elementor-widget elementor-widget-image\" data-id=\"7ea6664\" data-element_type=\"widget\" data-e-type=\"widget\" data-widget_type=\"image.default\">\n\t\t\t\t\t\t\t\t\t\t\t\t\t\t\t<img decoding=\"async\" width=\"576\" height=\"768\" src=\"https:\/\/lozanoboots.com\/wp-content\/uploads\/2025\/11\/DSCN3921-1.jpg\" class=\"attachment-large size-large wp-image-547\" alt=\"\" srcset=\"https:\/\/lozanoboots.com\/wp-content\/uploads\/2025\/11\/DSCN3921-1.jpg 576w, https:\/\/lozanoboots.com\/wp-content\/uploads\/2025\/11\/DSCN3921-1-300x400.jpg 300w, https:\/\/lozanoboots.com\/wp-content\/uploads\/2025\/11\/DSCN3921-1-225x300.jpg 225w\" sizes=\"(max-width: 576px) 100vw, 576px\" \/>\t\t\t\t\t\t\t\t\t\t\t\t\t\t\t<\/div>\n\t\t\t\t<div class=\"elementor-element elementor-element-577954a lb-thumb elementor-widget elementor-widget-image\" data-id=\"577954a\" data-element_type=\"widget\" data-e-type=\"widget\" data-widget_type=\"image.default\">\n\t\t\t\t\t\t\t\t\t\t\t\t\t\t\t<img loading=\"lazy\" decoding=\"async\" width=\"1024\" height=\"1024\" src=\"https:\/\/lozanoboots.com\/wp-content\/uploads\/2026\/02\/Bota-Marro-1.png\" class=\"attachment-large size-large wp-image-3160\" alt=\"\" srcset=\"https:\/\/lozanoboots.com\/wp-content\/uploads\/2026\/02\/Bota-Marro-1.png 1024w, https:\/\/lozanoboots.com\/wp-content\/uploads\/2026\/02\/Bota-Marro-1-300x300.png 300w, https:\/\/lozanoboots.com\/wp-content\/uploads\/2026\/02\/Bota-Marro-1-150x150.png 150w, https:\/\/lozanoboots.com\/wp-content\/uploads\/2026\/02\/Bota-Marro-1-768x768.png 768w, https:\/\/lozanoboots.com\/wp-content\/uploads\/2026\/02\/Bota-Marro-1-600x600.png 600w, https:\/\/lozanoboots.com\/wp-content\/uploads\/2026\/02\/Bota-Marro-1-100x100.png 100w\" sizes=\"(max-width: 1024px) 100vw, 1024px\" \/>\t\t\t\t\t\t\t\t\t\t\t\t\t\t\t<\/div>\n\t\t\t\t\t<\/div>\n\t\t\t\t<\/div>\n\t\t\t\t<div class=\"elementor-element elementor-element-e82794c elementor-widget__width-initial lb-main-image elementor-widget elementor-widget-image\" data-id=\"e82794c\" data-element_type=\"widget\" data-e-type=\"widget\" data-widget_type=\"image.default\">\n\t\t\t\t\t\t\t\t\t\t\t\t\t\t\t<img loading=\"lazy\" decoding=\"async\" width=\"683\" height=\"1024\" src=\"https:\/\/lozanoboots.com\/wp-content\/uploads\/2026\/01\/DSC_0201-3-683x1024.jpg\" class=\"attachment-large size-large wp-image-2060\" alt=\"Classic Cordones Casta\u00f1o\" srcset=\"https:\/\/lozanoboots.com\/wp-content\/uploads\/2026\/01\/DSC_0201-3-683x1024.jpg 683w, https:\/\/lozanoboots.com\/wp-content\/uploads\/2026\/01\/DSC_0201-3-200x300.jpg 200w, https:\/\/lozanoboots.com\/wp-content\/uploads\/2026\/01\/DSC_0201-3-768x1152.jpg 768w, https:\/\/lozanoboots.com\/wp-content\/uploads\/2026\/01\/DSC_0201-3-1024x1536.jpg 1024w, https:\/\/lozanoboots.com\/wp-content\/uploads\/2026\/01\/DSC_0201-3-1365x2048.jpg 1365w, https:\/\/lozanoboots.com\/wp-content\/uploads\/2026\/01\/DSC_0201-3-600x900.jpg 600w, https:\/\/lozanoboots.com\/wp-content\/uploads\/2026\/01\/DSC_0201-3-scaled.jpg 1707w\" sizes=\"(max-width: 683px) 100vw, 683px\" \/>\t\t\t\t\t\t\t\t\t\t\t\t\t\t\t<\/div>\n\t\t<div class=\"elementor-element elementor-element-2c71c62 e-grid e-con-boxed e-con e-child\" data-id=\"2c71c62\" data-element_type=\"container\" data-e-type=\"container\">\n\t\t\t\t\t<div class=\"e-con-inner\">\n\t\t\t\t<div class=\"elementor-element elementor-element-a8c8e01 elementor-widget elementor-widget-text-editor\" data-id=\"a8c8e01\" data-element_type=\"widget\" data-e-type=\"widget\" data-widget_type=\"text-editor.default\">\n\t\t\t\t\t\t\t\t\t<p data-start=\"292\" data-end=\"371\">Una bota de equitaci\u00f3n alta que combina elegancia cl\u00e1sica y presencia en pista.<\/p><p data-start=\"373\" data-end=\"627\">Confeccionada en piel Box Calf premium en tono casta\u00f1o, incorpora cordones frontales para un ajuste preciso, cremallera YKK de alta resistencia y suela Vibram espec\u00edfica para equitaci\u00f3n. Construcci\u00f3n Goodyear Welted para m\u00e1xima durabilidad y estabilidad.<\/p><p data-start=\"629\" data-end=\"693\">Fabricaci\u00f3n bajo pedido. Personalizable en nuestro configurador.<\/p>\t\t\t\t\t\t\t\t<\/div>\n\t\t\t\t<div class=\"elementor-element elementor-element-597de60 elementor-align-center elementor-widget elementor-widget-button\" data-id=\"597de60\" data-element_type=\"widget\" data-e-type=\"widget\" data-widget_type=\"button.default\">\n\t\t\t\t\t\t\t\t\t\t<a class=\"elementor-button elementor-button-link elementor-size-sm\" href=\"https:\/\/lozanoboots.com\/configurador-botas-cordones\/\">\n\t\t\t\t\t\t<span class=\"elementor-button-content-wrapper\">\n\t\t\t\t\t\t\t\t\t<span class=\"elementor-button-text\">Configura tu bota<\/span>\n\t\t\t\t\t<\/span>\n\t\t\t\t\t<\/a>\n\t\t\t\t\t\t\t\t<\/div>\n\t\t\t\t\t<\/div>\n\t\t\t\t<\/div>\n\t\t\t\t<\/div>\n\t\t\t\t<\/div>","protected":false},"excerpt":{"rendered":"<p>Una bota de equitaci\u00f3n alta que combina elegancia cl\u00e1sica y presencia en pista. Confeccionada en piel Box Calf premium en [&hellip;]<\/p>\n","protected":false},"author":1,"featured_media":0,"parent":1863,"menu_order":0,"comment_status":"closed","ping_status":"closed","template":"","meta":{"_eb_attr":"","site-sidebar-layout":"default","site-content-layout":"","ast-site-content-layout":"default","site-content-style":"default","site-sidebar-style":"default","ast-global-header-display":"","ast-banner-title-visibility":"","ast-main-header-display":"","ast-hfb-above-header-display":"","ast-hfb-below-header-display":"","ast-hfb-mobile-header-display":"","site-post-title":"","ast-breadcrumbs-content":"","ast-featured-img":"","footer-sml-layout":"","ast-disable-related-posts":"","theme-transparent-header-meta":"","adv-header-id-meta":"","stick-header-meta":"","header-above-stick-meta":"","header-main-stick-meta":"","header-below-stick-meta":"","astra-migrate-meta-layouts":"default","ast-page-background-enabled":"default","ast-page-background-meta":{"desktop":{"background-color":"var(--ast-global-color-5)","background-image":"","background-repeat":"repeat","background-position":"center center","background-size":"auto","background-attachment":"scroll","background-type":"","background-media":"","overlay-type":"","overlay-color":"","overlay-opacity":"","overlay-gradient":""},"tablet":{"background-color":"","background-image":"","background-repeat":"repeat","background-position":"center center","background-size":"auto","background-attachment":"scroll","background-type":"","background-media":"","overlay-type":"","overlay-color":"","overlay-opacity":"","overlay-gradient":""},"mobile":{"background-color":"","background-image":"","background-repeat":"repeat","background-position":"center center","background-size":"auto","background-attachment":"scroll","background-type":"","background-media":"","overlay-type":"","overlay-color":"","overlay-opacity":"","overlay-gradient":""}},"ast-content-background-meta":{"desktop":{"background-color":"var(--ast-global-color-4)","background-image":"","background-repeat":"repeat","background-position":"center center","background-size":"auto","background-attachment":"scroll","background-type":"","background-media":"","overlay-type":"","overlay-color":"","overlay-opacity":"","overlay-gradient":""},"tablet":{"background-color":"var(--ast-global-color-4)","background-image":"","background-repeat":"repeat","background-position":"center center","background-size":"auto","background-attachment":"scroll","background-type":"","background-media":"","overlay-type":"","overlay-color":"","overlay-opacity":"","overlay-gradient":""},"mobile":{"background-color":"var(--ast-global-color-4)","background-image":"","background-repeat":"repeat","background-position":"center center","background-size":"auto","background-attachment":"scroll","background-type":"","background-media":"","overlay-type":"","overlay-color":"","overlay-opacity":"","overlay-gradient":""}},"footnotes":""},"class_list":["post-539","page","type-page","status-publish","hentry"],"_links":{"self":[{"href":"https:\/\/lozanoboots.com\/en\/wp-json\/wp\/v2\/pages\/539","targetHints":{"allow":["GET"]}}],"collection":[{"href":"https:\/\/lozanoboots.com\/en\/wp-json\/wp\/v2\/pages"}],"about":[{"href":"https:\/\/lozanoboots.com\/en\/wp-json\/wp\/v2\/types\/page"}],"author":[{"embeddable":true,"href":"https:\/\/lozanoboots.com\/en\/wp-json\/wp\/v2\/users\/1"}],"replies":[{"embeddable":true,"href":"https:\/\/lozanoboots.com\/en\/wp-json\/wp\/v2\/comments?post=539"}],"version-history":[{"count":35,"href":"https:\/\/lozanoboots.com\/en\/wp-json\/wp\/v2\/pages\/539\/revisions"}],"predecessor-version":[{"id":4369,"href":"https:\/\/lozanoboots.com\/en\/wp-json\/wp\/v2\/pages\/539\/revisions\/4369"}],"up":[{"embeddable":true,"href":"https:\/\/lozanoboots.com\/en\/wp-json\/wp\/v2\/pages\/1863"}],"wp:attachment":[{"href":"https:\/\/lozanoboots.com\/en\/wp-json\/wp\/v2\/media?parent=539"}],"curies":[{"name":"wp","href":"https:\/\/api.w.org\/{rel}","templated":true}]}}