{"id":551,"date":"2026-01-24T16:13:19","date_gmt":"2026-01-24T16:13:19","guid":{"rendered":"https:\/\/lozanoboots.com\/?page_id=551"},"modified":"2026-03-03T23:18:39","modified_gmt":"2026-03-03T23:18:39","slug":"classic-cordones-black-charol","status":"publish","type":"page","link":"https:\/\/lozanoboots.com\/en\/botas\/classic-cordones\/classic-cordones-black-charol\/","title":{"rendered":"Classic cordones black &#8211; charol"},"content":{"rendered":"<div data-elementor-type=\"wp-page\" data-elementor-id=\"551\" class=\"elementor elementor-551\">\n\t\t\t\t<div class=\"elementor-element elementor-element-8e60835 e-grid e-con-full e-con e-parent\" data-id=\"8e60835\" data-element_type=\"container\" data-e-type=\"container\">\n\t\t<div class=\"elementor-element elementor-element-00741c3 e-flex e-con-boxed e-con e-child\" data-id=\"00741c3\" data-element_type=\"container\" data-e-type=\"container\">\n\t\t\t\t\t<div class=\"e-con-inner\">\n\t\t\t\t<div class=\"elementor-element elementor-element-c6a7a3e lb-thumb elementor-widget elementor-widget-image\" data-id=\"c6a7a3e\" data-element_type=\"widget\" data-e-type=\"widget\" data-widget_type=\"image.default\">\n\t\t\t\t\t\t\t\t\t\t\t\t\t\t\t<img fetchpriority=\"high\" decoding=\"async\" width=\"1024\" height=\"768\" src=\"https:\/\/lozanoboots.com\/wp-content\/uploads\/2025\/11\/DSCN5552-scaled.jpg\" class=\"attachment-large size-large wp-image-557\" alt=\"\" srcset=\"https:\/\/lozanoboots.com\/wp-content\/uploads\/2025\/11\/DSCN5552-scaled.jpg 2560w, https:\/\/lozanoboots.com\/wp-content\/uploads\/2025\/11\/DSCN5552-scaled-600x450.jpg 600w, https:\/\/lozanoboots.com\/wp-content\/uploads\/2025\/11\/DSCN5552-scaled-300x225.jpg 300w\" sizes=\"(max-width: 1024px) 100vw, 1024px\" \/>\t\t\t\t\t\t\t\t\t\t\t\t\t\t\t<\/div>\n\t\t\t\t<div class=\"elementor-element elementor-element-e655d5c lb-thumb elementor-widget elementor-widget-image\" data-id=\"e655d5c\" data-element_type=\"widget\" data-e-type=\"widget\" data-widget_type=\"image.default\">\n\t\t\t\t\t\t\t\t\t\t\t\t\t\t\t<img decoding=\"async\" width=\"1024\" height=\"644\" src=\"https:\/\/lozanoboots.com\/wp-content\/uploads\/2025\/11\/DSCN5569-retocada-1024x644.jpg\" class=\"attachment-large size-large wp-image-558\" alt=\"\" srcset=\"https:\/\/lozanoboots.com\/wp-content\/uploads\/2025\/11\/DSCN5569-retocada-1024x644.jpg 1024w, https:\/\/lozanoboots.com\/wp-content\/uploads\/2025\/11\/DSCN5569-retocada-scaled-600x377.jpg 600w, https:\/\/lozanoboots.com\/wp-content\/uploads\/2025\/11\/DSCN5569-retocada-300x189.jpg 300w, https:\/\/lozanoboots.com\/wp-content\/uploads\/2025\/11\/DSCN5569-retocada-768x483.jpg 768w, https:\/\/lozanoboots.com\/wp-content\/uploads\/2025\/11\/DSCN5569-retocada-1536x966.jpg 1536w, https:\/\/lozanoboots.com\/wp-content\/uploads\/2025\/11\/DSCN5569-retocada-2048x1288.jpg 2048w\" sizes=\"(max-width: 1024px) 100vw, 1024px\" \/>\t\t\t\t\t\t\t\t\t\t\t\t\t\t\t<\/div>\n\t\t\t\t<div class=\"elementor-element elementor-element-0f553b0 lb-thumb elementor-widget elementor-widget-image\" data-id=\"0f553b0\" data-element_type=\"widget\" data-e-type=\"widget\" data-widget_type=\"image.default\">\n\t\t\t\t\t\t\t\t\t\t\t\t\t\t\t<img decoding=\"async\" width=\"1024\" height=\"768\" src=\"https:\/\/lozanoboots.com\/wp-content\/uploads\/2025\/11\/DSCN5568-retocada-1024x768.jpg\" class=\"attachment-large size-large wp-image-559\" alt=\"\" srcset=\"https:\/\/lozanoboots.com\/wp-content\/uploads\/2025\/11\/DSCN5568-retocada-1024x768.jpg 1024w, https:\/\/lozanoboots.com\/wp-content\/uploads\/2025\/11\/DSCN5568-retocada-scaled-600x450.jpg 600w, https:\/\/lozanoboots.com\/wp-content\/uploads\/2025\/11\/DSCN5568-retocada-300x225.jpg 300w, https:\/\/lozanoboots.com\/wp-content\/uploads\/2025\/11\/DSCN5568-retocada-768x576.jpg 768w, https:\/\/lozanoboots.com\/wp-content\/uploads\/2025\/11\/DSCN5568-retocada-1536x1152.jpg 1536w, https:\/\/lozanoboots.com\/wp-content\/uploads\/2025\/11\/DSCN5568-retocada-2048x1536.jpg 2048w\" sizes=\"(max-width: 1024px) 100vw, 1024px\" \/>\t\t\t\t\t\t\t\t\t\t\t\t\t\t\t<\/div>\n\t\t\t\t<div class=\"elementor-element elementor-element-0147afd lb-thumb elementor-widget elementor-widget-image\" data-id=\"0147afd\" data-element_type=\"widget\" data-e-type=\"widget\" data-widget_type=\"image.default\">\n\t\t\t\t\t\t\t\t\t\t\t\t\t\t\t<img loading=\"lazy\" decoding=\"async\" width=\"768\" height=\"1024\" src=\"https:\/\/lozanoboots.com\/wp-content\/uploads\/2025\/11\/DSCN5551-768x1024.jpg\" class=\"attachment-large size-large wp-image-554\" alt=\"Classic Cordones Black Charol\" srcset=\"https:\/\/lozanoboots.com\/wp-content\/uploads\/2025\/11\/DSCN5551-768x1024.jpg 768w, https:\/\/lozanoboots.com\/wp-content\/uploads\/2025\/11\/DSCN5551-scaled-600x800.jpg 600w, https:\/\/lozanoboots.com\/wp-content\/uploads\/2025\/11\/DSCN5551-scaled-300x400.jpg 300w, https:\/\/lozanoboots.com\/wp-content\/uploads\/2025\/11\/DSCN5551-225x300.jpg 225w, https:\/\/lozanoboots.com\/wp-content\/uploads\/2025\/11\/DSCN5551-1152x1536.jpg 1152w, https:\/\/lozanoboots.com\/wp-content\/uploads\/2025\/11\/DSCN5551-1536x2048.jpg 1536w, https:\/\/lozanoboots.com\/wp-content\/uploads\/2025\/11\/DSCN5551-scaled.jpg 1920w\" sizes=\"(max-width: 768px) 100vw, 768px\" \/>\t\t\t\t\t\t\t\t\t\t\t\t\t\t\t<\/div>\n\t\t\t\t\t<\/div>\n\t\t\t\t<\/div>\n\t\t\t\t<div class=\"elementor-element elementor-element-6a548bf elementor-widget__width-initial lb-main-image elementor-widget elementor-widget-image\" data-id=\"6a548bf\" data-element_type=\"widget\" data-e-type=\"widget\" data-widget_type=\"image.default\">\n\t\t\t\t\t\t\t\t\t\t\t\t\t\t\t<img loading=\"lazy\" decoding=\"async\" width=\"400\" height=\"533\" src=\"https:\/\/lozanoboots.com\/wp-content\/uploads\/2025\/11\/Classic-Black-Charol-retocada-400.jpg\" class=\"attachment-large size-large wp-image-556\" alt=\"\" srcset=\"https:\/\/lozanoboots.com\/wp-content\/uploads\/2025\/11\/Classic-Black-Charol-retocada-400.jpg 400w, https:\/\/lozanoboots.com\/wp-content\/uploads\/2025\/11\/Classic-Black-Charol-retocada-400-300x400.jpg 300w, https:\/\/lozanoboots.com\/wp-content\/uploads\/2025\/11\/Classic-Black-Charol-retocada-400-225x300.jpg 225w\" sizes=\"(max-width: 400px) 100vw, 400px\" \/>\t\t\t\t\t\t\t\t\t\t\t\t\t\t\t<\/div>\n\t\t<div class=\"elementor-element elementor-element-4dbe020 e-grid e-con-boxed e-con e-child\" data-id=\"4dbe020\" data-element_type=\"container\" data-e-type=\"container\">\n\t\t\t\t\t<div class=\"e-con-inner\">\n\t\t\t\t<div class=\"elementor-element elementor-element-0beac4a elementor-widget elementor-widget-text-editor\" data-id=\"0beac4a\" data-element_type=\"widget\" data-e-type=\"widget\" data-widget_type=\"text-editor.default\">\n\t\t\t\t\t\t\t\t\t<p data-start=\"210\" data-end=\"278\">Bota alta de equitaci\u00f3n con elegancia refinada y acabado distintivo.<\/p><p data-start=\"280\" data-end=\"512\">Confeccionada en piel Box Calf premium en negro con detalle superior en acabado brillante. Incorpora cordones frontales, cremallera YKK y suela Vibram espec\u00edfica para equitaci\u00f3n. Construcci\u00f3n Goodyear Welted para m\u00e1xima durabilidad.<\/p><p data-start=\"514\" data-end=\"578\">Fabricaci\u00f3n bajo pedido. Personalizable en nuestro configurador.<\/p>\t\t\t\t\t\t\t\t<\/div>\n\t\t\t\t<div class=\"elementor-element elementor-element-c009c2f elementor-align-center elementor-widget elementor-widget-button\" data-id=\"c009c2f\" data-element_type=\"widget\" data-e-type=\"widget\" data-widget_type=\"button.default\">\n\t\t\t\t\t\t\t\t\t\t<a class=\"elementor-button elementor-button-link elementor-size-sm\" href=\"https:\/\/lozanoboots.com\/configurador-botas-cordones\/\">\n\t\t\t\t\t\t<span class=\"elementor-button-content-wrapper\">\n\t\t\t\t\t\t\t\t\t<span class=\"elementor-button-text\">Configura tu bota<\/span>\n\t\t\t\t\t<\/span>\n\t\t\t\t\t<\/a>\n\t\t\t\t\t\t\t\t<\/div>\n\t\t\t\t\t<\/div>\n\t\t\t\t<\/div>\n\t\t\t\t<\/div>\n\t\t\t\t<\/div>","protected":false},"excerpt":{"rendered":"<p>Bota alta de equitaci\u00f3n con elegancia refinada y acabado distintivo. Confeccionada en piel Box Calf premium en negro con detalle [&hellip;]<\/p>\n","protected":false},"author":1,"featured_media":0,"parent":1863,"menu_order":0,"comment_status":"closed","ping_status":"closed","template":"","meta":{"_eb_attr":"","site-sidebar-layout":"default","site-content-layout":"","ast-site-content-layout":"default","site-content-style":"default","site-sidebar-style":"default","ast-global-header-display":"","ast-banner-title-visibility":"","ast-main-header-display":"","ast-hfb-above-header-display":"","ast-hfb-below-header-display":"","ast-hfb-mobile-header-display":"","site-post-title":"","ast-breadcrumbs-content":"","ast-featured-img":"","footer-sml-layout":"","ast-disable-related-posts":"","theme-transparent-header-meta":"","adv-header-id-meta":"","stick-header-meta":"","header-above-stick-meta":"","header-main-stick-meta":"","header-below-stick-meta":"","astra-migrate-meta-layouts":"default","ast-page-background-enabled":"default","ast-page-background-meta":{"desktop":{"background-color":"var(--ast-global-color-5)","background-image":"","background-repeat":"repeat","background-position":"center center","background-size":"auto","background-attachment":"scroll","background-type":"","background-media":"","overlay-type":"","overlay-color":"","overlay-opacity":"","overlay-gradient":""},"tablet":{"background-color":"","background-image":"","background-repeat":"repeat","background-position":"center center","background-size":"auto","background-attachment":"scroll","background-type":"","background-media":"","overlay-type":"","overlay-color":"","overlay-opacity":"","overlay-gradient":""},"mobile":{"background-color":"","background-image":"","background-repeat":"repeat","background-position":"center center","background-size":"auto","background-attachment":"scroll","background-type":"","background-media":"","overlay-type":"","overlay-color":"","overlay-opacity":"","overlay-gradient":""}},"ast-content-background-meta":{"desktop":{"background-color":"var(--ast-global-color-4)","background-image":"","background-repeat":"repeat","background-position":"center center","background-size":"auto","background-attachment":"scroll","background-type":"","background-media":"","overlay-type":"","overlay-color":"","overlay-opacity":"","overlay-gradient":""},"tablet":{"background-color":"var(--ast-global-color-4)","background-image":"","background-repeat":"repeat","background-position":"center center","background-size":"auto","background-attachment":"scroll","background-type":"","background-media":"","overlay-type":"","overlay-color":"","overlay-opacity":"","overlay-gradient":""},"mobile":{"background-color":"var(--ast-global-color-4)","background-image":"","background-repeat":"repeat","background-position":"center center","background-size":"auto","background-attachment":"scroll","background-type":"","background-media":"","overlay-type":"","overlay-color":"","overlay-opacity":"","overlay-gradient":""}},"footnotes":""},"class_list":["post-551","page","type-page","status-publish","hentry"],"_links":{"self":[{"href":"https:\/\/lozanoboots.com\/en\/wp-json\/wp\/v2\/pages\/551","targetHints":{"allow":["GET"]}}],"collection":[{"href":"https:\/\/lozanoboots.com\/en\/wp-json\/wp\/v2\/pages"}],"about":[{"href":"https:\/\/lozanoboots.com\/en\/wp-json\/wp\/v2\/types\/page"}],"author":[{"embeddable":true,"href":"https:\/\/lozanoboots.com\/en\/wp-json\/wp\/v2\/users\/1"}],"replies":[{"embeddable":true,"href":"https:\/\/lozanoboots.com\/en\/wp-json\/wp\/v2\/comments?post=551"}],"version-history":[{"count":22,"href":"https:\/\/lozanoboots.com\/en\/wp-json\/wp\/v2\/pages\/551\/revisions"}],"predecessor-version":[{"id":4182,"href":"https:\/\/lozanoboots.com\/en\/wp-json\/wp\/v2\/pages\/551\/revisions\/4182"}],"up":[{"embeddable":true,"href":"https:\/\/lozanoboots.com\/en\/wp-json\/wp\/v2\/pages\/1863"}],"wp:attachment":[{"href":"https:\/\/lozanoboots.com\/en\/wp-json\/wp\/v2\/media?parent=551"}],"curies":[{"name":"wp","href":"https:\/\/api.w.org\/{rel}","templated":true}]}}