{"id":563,"date":"2025-11-25T08:53:25","date_gmt":"2025-11-25T08:53:25","guid":{"rendered":"https:\/\/lozanoboots.com\/?page_id=563"},"modified":"2026-02-28T03:42:14","modified_gmt":"2026-02-28T03:42:14","slug":"classic-cordones-black-avestruz","status":"publish","type":"page","link":"https:\/\/lozanoboots.com\/en\/botas\/classic-cordones\/classic-cordones-black-avestruz\/","title":{"rendered":"Classic Cordones Black-Avestruz"},"content":{"rendered":"<div data-elementor-type=\"wp-page\" data-elementor-id=\"563\" class=\"elementor elementor-563\">\n\t\t\t\t<div class=\"elementor-element elementor-element-795e674 e-grid e-con-boxed e-con e-parent\" data-id=\"795e674\" data-element_type=\"container\" data-e-type=\"container\">\n\t\t\t\t\t<div class=\"e-con-inner\">\n\t\t\t\t<div class=\"elementor-element elementor-element-d7b348a elementor-widget elementor-widget-image\" data-id=\"d7b348a\" data-element_type=\"widget\" data-e-type=\"widget\" data-widget_type=\"image.default\">\n\t\t\t\t\t\t\t\t\t\t\t\t\t\t\t<img fetchpriority=\"high\" decoding=\"async\" width=\"683\" height=\"1024\" src=\"https:\/\/lozanoboots.com\/wp-content\/uploads\/2025\/11\/Botas-de-salto-800-1.jpg\" class=\"attachment-large size-large wp-image-565\" alt=\"Classic Cordones Black-Avestruz\" srcset=\"https:\/\/lozanoboots.com\/wp-content\/uploads\/2025\/11\/Botas-de-salto-800-1.jpg 840w, https:\/\/lozanoboots.com\/wp-content\/uploads\/2025\/11\/Botas-de-salto-800-1-600x900.jpg 600w, https:\/\/lozanoboots.com\/wp-content\/uploads\/2025\/11\/Botas-de-salto-800-1-300x450.jpg 300w\" sizes=\"(max-width: 683px) 100vw, 683px\" \/>\t\t\t\t\t\t\t\t\t\t\t\t\t\t\t<\/div>\n\t\t<div class=\"elementor-element elementor-element-494109f e-grid e-con-full e-con e-child\" data-id=\"494109f\" data-element_type=\"container\" data-e-type=\"container\">\n\t\t\t\t<div class=\"elementor-element elementor-element-9eada8a elementor-widget elementor-widget-text-editor\" data-id=\"9eada8a\" data-element_type=\"widget\" data-e-type=\"widget\" data-widget_type=\"text-editor.default\">\n\t\t\t\t\t\t\t\t\t<p data-start=\"254\" data-end=\"566\">Nuestra bota de equitaci\u00f3n Classic Cordones Black \u2013 Avestruz hecha a medida combina tradici\u00f3n ecuestre y dise\u00f1o exclusivo en una pieza de alto impacto visual. Pensada para jinetes que buscan una bota de montar alta profesional con un estilo diferenciador, aporta sofisticaci\u00f3n y car\u00e1cter en cada detalle.<\/p><p data-start=\"568\" data-end=\"1003\">Fabricada en piel Box Calf premium con acabado en textura avestruz en la parte superior, ofrece contraste, personalidad y una est\u00e9tica elegante en pista. Los cordones frontales permiten un ajuste preciso y anat\u00f3mico, mientras que la cremallera YKK de alta resistencia y la suela Vibram especial para equitaci\u00f3n garantizan estabilidad y seguridad. Su construcci\u00f3n Goodyear Welted proporciona m\u00e1xima durabilidad y confort prolongado.<\/p><p data-start=\"1005\" data-end=\"1214\">Cada par se fabrica bajo pedido y puede personalizarse en nuestro configurador para crear una bota de montar personalizada, perfecta para entrenamiento y competici\u00f3n con un dise\u00f1o verdaderamente exclusivo.<\/p>\t\t\t\t\t\t\t\t<\/div>\n\t\t\t\t<div class=\"elementor-element elementor-element-a392bb6 elementor-align-center elementor-widget elementor-widget-button\" data-id=\"a392bb6\" data-element_type=\"widget\" data-e-type=\"widget\" data-widget_type=\"button.default\">\n\t\t\t\t\t\t\t\t\t\t<a class=\"elementor-button elementor-button-link elementor-size-sm\" href=\"https:\/\/lozanoboots.com\/configurador-botas-cordones\/\">\n\t\t\t\t\t\t<span class=\"elementor-button-content-wrapper\">\n\t\t\t\t\t\t\t\t\t<span class=\"elementor-button-text\">Configura tu bota<\/span>\n\t\t\t\t\t<\/span>\n\t\t\t\t\t<\/a>\n\t\t\t\t\t\t\t\t<\/div>\n\t\t\t\t<\/div>\n\t\t\t\t\t<\/div>\n\t\t\t\t<\/div>\n\t\t<div class=\"elementor-element elementor-element-2501b98 e-grid e-con-boxed e-con e-parent\" data-id=\"2501b98\" data-element_type=\"container\" data-e-type=\"container\">\n\t\t\t\t\t<div class=\"e-con-inner\">\n\t\t\t\t<div class=\"elementor-element elementor-element-556c730 elementor-widget elementor-widget-image\" data-id=\"556c730\" data-element_type=\"widget\" data-e-type=\"widget\" data-widget_type=\"image.default\">\n\t\t\t\t\t\t\t\t\t\t\t\t\t\t\t<img decoding=\"async\" width=\"533\" height=\"800\" src=\"https:\/\/lozanoboots.com\/wp-content\/uploads\/2025\/11\/DSC_2000.jpg\" class=\"attachment-large size-large wp-image-567\" alt=\"\" srcset=\"https:\/\/lozanoboots.com\/wp-content\/uploads\/2025\/11\/DSC_2000.jpg 533w, https:\/\/lozanoboots.com\/wp-content\/uploads\/2025\/11\/DSC_2000-300x450.jpg 300w\" sizes=\"(max-width: 533px) 100vw, 533px\" \/>\t\t\t\t\t\t\t\t\t\t\t\t\t\t\t<\/div>\n\t\t\t\t<div class=\"elementor-element elementor-element-1af07b6 elementor-widget elementor-widget-image\" data-id=\"1af07b6\" data-element_type=\"widget\" data-e-type=\"widget\" data-widget_type=\"image.default\">\n\t\t\t\t\t\t\t\t\t\t\t\t\t\t\t<img decoding=\"async\" width=\"800\" height=\"533\" src=\"https:\/\/lozanoboots.com\/wp-content\/uploads\/2025\/11\/DSC_2001_modif_modif.jpg\" class=\"attachment-large size-large wp-image-569\" alt=\"\" srcset=\"https:\/\/lozanoboots.com\/wp-content\/uploads\/2025\/11\/DSC_2001_modif_modif.jpg 800w, https:\/\/lozanoboots.com\/wp-content\/uploads\/2025\/11\/DSC_2001_modif_modif-600x400.jpg 600w, https:\/\/lozanoboots.com\/wp-content\/uploads\/2025\/11\/DSC_2001_modif_modif-300x200.jpg 300w, https:\/\/lozanoboots.com\/wp-content\/uploads\/2025\/11\/DSC_2001_modif_modif-768x512.jpg 768w\" sizes=\"(max-width: 800px) 100vw, 800px\" \/>\t\t\t\t\t\t\t\t\t\t\t\t\t\t\t<\/div>\n\t\t\t\t<div class=\"elementor-element elementor-element-6ff85ea elementor-widget elementor-widget-image\" data-id=\"6ff85ea\" data-element_type=\"widget\" data-e-type=\"widget\" data-widget_type=\"image.default\">\n\t\t\t\t\t\t\t\t\t\t\t\t\t\t\t<img loading=\"lazy\" decoding=\"async\" width=\"800\" height=\"533\" src=\"https:\/\/lozanoboots.com\/wp-content\/uploads\/2025\/11\/DSC_2002_modif_modif.jpg\" class=\"attachment-large size-large wp-image-570\" alt=\"\" srcset=\"https:\/\/lozanoboots.com\/wp-content\/uploads\/2025\/11\/DSC_2002_modif_modif.jpg 800w, https:\/\/lozanoboots.com\/wp-content\/uploads\/2025\/11\/DSC_2002_modif_modif-600x400.jpg 600w, https:\/\/lozanoboots.com\/wp-content\/uploads\/2025\/11\/DSC_2002_modif_modif-300x200.jpg 300w, https:\/\/lozanoboots.com\/wp-content\/uploads\/2025\/11\/DSC_2002_modif_modif-768x512.jpg 768w\" sizes=\"(max-width: 800px) 100vw, 800px\" \/>\t\t\t\t\t\t\t\t\t\t\t\t\t\t\t<\/div>\n\t\t\t\t<div class=\"elementor-element elementor-element-9731f8f elementor-widget elementor-widget-image\" data-id=\"9731f8f\" data-element_type=\"widget\" data-e-type=\"widget\" data-widget_type=\"image.default\">\n\t\t\t\t\t\t\t\t\t\t\t\t\t\t\t<img loading=\"lazy\" decoding=\"async\" width=\"800\" height=\"533\" src=\"https:\/\/lozanoboots.com\/wp-content\/uploads\/2025\/11\/DSC_2009_modif_modif.jpg\" class=\"attachment-large size-large wp-image-573\" alt=\"\" srcset=\"https:\/\/lozanoboots.com\/wp-content\/uploads\/2025\/11\/DSC_2009_modif_modif.jpg 800w, https:\/\/lozanoboots.com\/wp-content\/uploads\/2025\/11\/DSC_2009_modif_modif-600x400.jpg 600w, https:\/\/lozanoboots.com\/wp-content\/uploads\/2025\/11\/DSC_2009_modif_modif-300x200.jpg 300w\" sizes=\"(max-width: 800px) 100vw, 800px\" \/>\t\t\t\t\t\t\t\t\t\t\t\t\t\t\t<\/div>\n\t\t<div class=\"elementor-element elementor-element-c654a79 e-con-full e-flex e-con e-child\" data-id=\"c654a79\" data-element_type=\"container\" data-e-type=\"container\">\n\t\t\t\t<\/div>\n\t\t\t\t\t<\/div>\n\t\t\t\t<\/div>\n\t\t\t\t<\/div>","protected":false},"excerpt":{"rendered":"<p>Nuestra bota de equitaci\u00f3n Classic Cordones Black \u2013 Avestruz hecha a medida combina tradici\u00f3n ecuestre y dise\u00f1o exclusivo en una [&hellip;]<\/p>\n","protected":false},"author":1,"featured_media":0,"parent":1863,"menu_order":0,"comment_status":"closed","ping_status":"closed","template":"","meta":{"_eb_attr":"","site-sidebar-layout":"default","site-content-layout":"","ast-site-content-layout":"default","site-content-style":"default","site-sidebar-style":"default","ast-global-header-display":"","ast-banner-title-visibility":"","ast-main-header-display":"","ast-hfb-above-header-display":"","ast-hfb-below-header-display":"","ast-hfb-mobile-header-display":"","site-post-title":"","ast-breadcrumbs-content":"","ast-featured-img":"","footer-sml-layout":"","ast-disable-related-posts":"","theme-transparent-header-meta":"","adv-header-id-meta":"","stick-header-meta":"","header-above-stick-meta":"","header-main-stick-meta":"","header-below-stick-meta":"","astra-migrate-meta-layouts":"default","ast-page-background-enabled":"default","ast-page-background-meta":{"desktop":{"background-color":"var(--ast-global-color-5)","background-image":"","background-repeat":"repeat","background-position":"center center","background-size":"auto","background-attachment":"scroll","background-type":"","background-media":"","overlay-type":"","overlay-color":"","overlay-opacity":"","overlay-gradient":""},"tablet":{"background-color":"","background-image":"","background-repeat":"repeat","background-position":"center center","background-size":"auto","background-attachment":"scroll","background-type":"","background-media":"","overlay-type":"","overlay-color":"","overlay-opacity":"","overlay-gradient":""},"mobile":{"background-color":"","background-image":"","background-repeat":"repeat","background-position":"center center","background-size":"auto","background-attachment":"scroll","background-type":"","background-media":"","overlay-type":"","overlay-color":"","overlay-opacity":"","overlay-gradient":""}},"ast-content-background-meta":{"desktop":{"background-color":"var(--ast-global-color-4)","background-image":"","background-repeat":"repeat","background-position":"center center","background-size":"auto","background-attachment":"scroll","background-type":"","background-media":"","overlay-type":"","overlay-color":"","overlay-opacity":"","overlay-gradient":""},"tablet":{"background-color":"var(--ast-global-color-4)","background-image":"","background-repeat":"repeat","background-position":"center center","background-size":"auto","background-attachment":"scroll","background-type":"","background-media":"","overlay-type":"","overlay-color":"","overlay-opacity":"","overlay-gradient":""},"mobile":{"background-color":"var(--ast-global-color-4)","background-image":"","background-repeat":"repeat","background-position":"center center","background-size":"auto","background-attachment":"scroll","background-type":"","background-media":"","overlay-type":"","overlay-color":"","overlay-opacity":"","overlay-gradient":""}},"footnotes":""},"class_list":["post-563","page","type-page","status-publish","hentry"],"_links":{"self":[{"href":"https:\/\/lozanoboots.com\/en\/wp-json\/wp\/v2\/pages\/563","targetHints":{"allow":["GET"]}}],"collection":[{"href":"https:\/\/lozanoboots.com\/en\/wp-json\/wp\/v2\/pages"}],"about":[{"href":"https:\/\/lozanoboots.com\/en\/wp-json\/wp\/v2\/types\/page"}],"author":[{"embeddable":true,"href":"https:\/\/lozanoboots.com\/en\/wp-json\/wp\/v2\/users\/1"}],"replies":[{"embeddable":true,"href":"https:\/\/lozanoboots.com\/en\/wp-json\/wp\/v2\/comments?post=563"}],"version-history":[{"count":27,"href":"https:\/\/lozanoboots.com\/en\/wp-json\/wp\/v2\/pages\/563\/revisions"}],"predecessor-version":[{"id":3914,"href":"https:\/\/lozanoboots.com\/en\/wp-json\/wp\/v2\/pages\/563\/revisions\/3914"}],"up":[{"embeddable":true,"href":"https:\/\/lozanoboots.com\/en\/wp-json\/wp\/v2\/pages\/1863"}],"wp:attachment":[{"href":"https:\/\/lozanoboots.com\/en\/wp-json\/wp\/v2\/media?parent=563"}],"curies":[{"name":"wp","href":"https:\/\/api.w.org\/{rel}","templated":true}]}}