{"id":577,"date":"2025-11-25T08:53:05","date_gmt":"2025-11-25T08:53:05","guid":{"rendered":"https:\/\/lozanoboots.com\/?page_id=577"},"modified":"2026-03-05T22:09:34","modified_gmt":"2026-03-05T22:09:34","slug":"classic-cordones-black","status":"publish","type":"page","link":"https:\/\/lozanoboots.com\/en\/botas\/classic-cordones\/classic-cordones-black\/","title":{"rendered":"Classic Cordones Black"},"content":{"rendered":"<div data-elementor-type=\"wp-page\" data-elementor-id=\"577\" class=\"elementor elementor-577\">\n\t\t\t\t<div class=\"elementor-element elementor-element-6ea5c81 e-flex e-con-boxed e-con e-parent\" data-id=\"6ea5c81\" data-element_type=\"container\" data-e-type=\"container\">\n\t\t\t\t\t<div class=\"e-con-inner\">\n\t\t<div class=\"elementor-element elementor-element-0ec6a68 e-grid e-con-full e-con e-child\" data-id=\"0ec6a68\" data-element_type=\"container\" data-e-type=\"container\">\n\t\t<div class=\"elementor-element elementor-element-a745d4f e-flex e-con-boxed e-con e-child\" data-id=\"a745d4f\" data-element_type=\"container\" data-e-type=\"container\">\n\t\t\t\t\t<div class=\"e-con-inner\">\n\t\t\t\t<div class=\"elementor-element elementor-element-d38e6f0 lb-thumb elementor-widget elementor-widget-image\" data-id=\"d38e6f0\" data-element_type=\"widget\" data-e-type=\"widget\" data-widget_type=\"image.default\">\n\t\t\t\t\t\t\t\t\t\t\t\t\t\t\t<img fetchpriority=\"high\" decoding=\"async\" width=\"1024\" height=\"683\" src=\"https:\/\/lozanoboots.com\/wp-content\/uploads\/2025\/11\/DSC_0819_modificada-1024x683.jpg\" class=\"attachment-large size-large wp-image-584\" alt=\"\" srcset=\"https:\/\/lozanoboots.com\/wp-content\/uploads\/2025\/11\/DSC_0819_modificada-1024x683.jpg 1024w, https:\/\/lozanoboots.com\/wp-content\/uploads\/2025\/11\/DSC_0819_modificada-scaled-600x400.jpg 600w, https:\/\/lozanoboots.com\/wp-content\/uploads\/2025\/11\/DSC_0819_modificada-300x200.jpg 300w, https:\/\/lozanoboots.com\/wp-content\/uploads\/2025\/11\/DSC_0819_modificada-768x512.jpg 768w, https:\/\/lozanoboots.com\/wp-content\/uploads\/2025\/11\/DSC_0819_modificada-1536x1024.jpg 1536w, https:\/\/lozanoboots.com\/wp-content\/uploads\/2025\/11\/DSC_0819_modificada-2048x1365.jpg 2048w\" sizes=\"(max-width: 1024px) 100vw, 1024px\" \/>\t\t\t\t\t\t\t\t\t\t\t\t\t\t\t<\/div>\n\t\t\t\t<div class=\"elementor-element elementor-element-ab41ee9 lb-thumb elementor-widget elementor-widget-image\" data-id=\"ab41ee9\" data-element_type=\"widget\" data-e-type=\"widget\" data-widget_type=\"image.default\">\n\t\t\t\t\t\t\t\t\t\t\t\t\t\t\t<img decoding=\"async\" width=\"1024\" height=\"768\" src=\"https:\/\/lozanoboots.com\/wp-content\/uploads\/2025\/11\/DSCN3456-1024x768.jpg\" class=\"attachment-large size-large wp-image-585\" alt=\"\" srcset=\"https:\/\/lozanoboots.com\/wp-content\/uploads\/2025\/11\/DSCN3456-1024x768.jpg 1024w, https:\/\/lozanoboots.com\/wp-content\/uploads\/2025\/11\/DSCN3456-scaled-600x450.jpg 600w, https:\/\/lozanoboots.com\/wp-content\/uploads\/2025\/11\/DSCN3456-300x225.jpg 300w, https:\/\/lozanoboots.com\/wp-content\/uploads\/2025\/11\/DSCN3456-768x576.jpg 768w, https:\/\/lozanoboots.com\/wp-content\/uploads\/2025\/11\/DSCN3456-1536x1152.jpg 1536w, https:\/\/lozanoboots.com\/wp-content\/uploads\/2025\/11\/DSCN3456-2048x1536.jpg 2048w\" sizes=\"(max-width: 1024px) 100vw, 1024px\" \/>\t\t\t\t\t\t\t\t\t\t\t\t\t\t\t<\/div>\n\t\t\t\t\t<\/div>\n\t\t\t\t<\/div>\n\t\t\t\t<div class=\"elementor-element elementor-element-f266749 elementor-widget__width-initial lb-main-image elementor-widget elementor-widget-image\" data-id=\"f266749\" data-element_type=\"widget\" data-e-type=\"widget\" data-widget_type=\"image.default\">\n\t\t\t\t\t\t\t\t\t\t\t\t\t\t\t<img decoding=\"async\" width=\"768\" height=\"1024\" src=\"https:\/\/lozanoboots.com\/wp-content\/uploads\/2025\/11\/2014-10-17-12.12.00-768x1024.jpg\" class=\"attachment-large size-large wp-image-581\" alt=\"Classic Cordones Black\" srcset=\"https:\/\/lozanoboots.com\/wp-content\/uploads\/2025\/11\/2014-10-17-12.12.00-768x1024.jpg 768w, https:\/\/lozanoboots.com\/wp-content\/uploads\/2025\/11\/2014-10-17-12.12.00-scaled-600x800.jpg 600w, https:\/\/lozanoboots.com\/wp-content\/uploads\/2025\/11\/2014-10-17-12.12.00-scaled-300x400.jpg 300w, https:\/\/lozanoboots.com\/wp-content\/uploads\/2025\/11\/2014-10-17-12.12.00-225x300.jpg 225w, https:\/\/lozanoboots.com\/wp-content\/uploads\/2025\/11\/2014-10-17-12.12.00-1152x1536.jpg 1152w, https:\/\/lozanoboots.com\/wp-content\/uploads\/2025\/11\/2014-10-17-12.12.00-1536x2048.jpg 1536w, https:\/\/lozanoboots.com\/wp-content\/uploads\/2025\/11\/2014-10-17-12.12.00-scaled.jpg 1920w\" sizes=\"(max-width: 768px) 100vw, 768px\" \/>\t\t\t\t\t\t\t\t\t\t\t\t\t\t\t<\/div>\n\t\t<div class=\"elementor-element elementor-element-39e8fcb e-grid e-con-full e-con e-child\" data-id=\"39e8fcb\" data-element_type=\"container\" data-e-type=\"container\">\n\t\t\t\t<div class=\"elementor-element elementor-element-806501d elementor-widget elementor-widget-text-editor\" data-id=\"806501d\" data-element_type=\"widget\" data-e-type=\"widget\" data-widget_type=\"text-editor.default\">\n\t\t\t\t\t\t\t\t\t<p data-start=\"348\" data-end=\"431\">Una bota de equitaci\u00f3n alta dise\u00f1ada para ofrecer elegancia y rendimiento en pista.<\/p><p data-start=\"433\" data-end=\"671\">Confeccionada en piel Box Calf premium, incorpora cordones frontales para un ajuste preciso, cremallera YKK de alta resistencia y suela Vibram espec\u00edfica para equitaci\u00f3n. Construcci\u00f3n Goodyear Welted para m\u00e1xima durabilidad y estabilidad.<\/p><p data-start=\"673\" data-end=\"737\">Fabricaci\u00f3n bajo pedido. Personalizable en nuestro configurador.<\/p>\t\t\t\t\t\t\t\t<\/div>\n\t\t\t\t<div class=\"elementor-element elementor-element-e7f4190 elementor-align-center elementor-widget elementor-widget-button\" data-id=\"e7f4190\" data-element_type=\"widget\" data-e-type=\"widget\" data-widget_type=\"button.default\">\n\t\t\t\t\t\t\t\t\t\t<a class=\"elementor-button elementor-button-link elementor-size-sm\" href=\"https:\/\/lozanoboots.com\/configurador-botas-cordones\/\">\n\t\t\t\t\t\t<span class=\"elementor-button-content-wrapper\">\n\t\t\t\t\t\t\t\t\t<span class=\"elementor-button-text\">Configura tu bota<\/span>\n\t\t\t\t\t<\/span>\n\t\t\t\t\t<\/a>\n\t\t\t\t\t\t\t\t<\/div>\n\t\t\t\t<\/div>\n\t\t\t\t<\/div>\n\t\t\t\t\t<\/div>\n\t\t\t\t<\/div>\n\t\t\t\t<\/div>","protected":false},"excerpt":{"rendered":"<p>Una bota de equitaci\u00f3n alta dise\u00f1ada para ofrecer elegancia y rendimiento en pista. Confeccionada en piel Box Calf premium, incorpora [&hellip;]<\/p>\n","protected":false},"author":1,"featured_media":0,"parent":1863,"menu_order":0,"comment_status":"closed","ping_status":"closed","template":"","meta":{"_eb_attr":"","site-sidebar-layout":"default","site-content-layout":"","ast-site-content-layout":"default","site-content-style":"default","site-sidebar-style":"default","ast-global-header-display":"","ast-banner-title-visibility":"","ast-main-header-display":"","ast-hfb-above-header-display":"","ast-hfb-below-header-display":"","ast-hfb-mobile-header-display":"","site-post-title":"disabled","ast-breadcrumbs-content":"","ast-featured-img":"","footer-sml-layout":"","ast-disable-related-posts":"","theme-transparent-header-meta":"","adv-header-id-meta":"","stick-header-meta":"","header-above-stick-meta":"","header-main-stick-meta":"","header-below-stick-meta":"","astra-migrate-meta-layouts":"default","ast-page-background-enabled":"default","ast-page-background-meta":{"desktop":{"background-color":"var(--ast-global-color-5)","background-image":"","background-repeat":"repeat","background-position":"center center","background-size":"auto","background-attachment":"scroll","background-type":"","background-media":"","overlay-type":"","overlay-color":"","overlay-opacity":"","overlay-gradient":""},"tablet":{"background-color":"","background-image":"","background-repeat":"repeat","background-position":"center center","background-size":"auto","background-attachment":"scroll","background-type":"","background-media":"","overlay-type":"","overlay-color":"","overlay-opacity":"","overlay-gradient":""},"mobile":{"background-color":"","background-image":"","background-repeat":"repeat","background-position":"center center","background-size":"auto","background-attachment":"scroll","background-type":"","background-media":"","overlay-type":"","overlay-color":"","overlay-opacity":"","overlay-gradient":""}},"ast-content-background-meta":{"desktop":{"background-color":"var(--ast-global-color-4)","background-image":"","background-repeat":"repeat","background-position":"center center","background-size":"auto","background-attachment":"scroll","background-type":"","background-media":"","overlay-type":"","overlay-color":"","overlay-opacity":"","overlay-gradient":""},"tablet":{"background-color":"var(--ast-global-color-4)","background-image":"","background-repeat":"repeat","background-position":"center center","background-size":"auto","background-attachment":"scroll","background-type":"","background-media":"","overlay-type":"","overlay-color":"","overlay-opacity":"","overlay-gradient":""},"mobile":{"background-color":"var(--ast-global-color-4)","background-image":"","background-repeat":"repeat","background-position":"center center","background-size":"auto","background-attachment":"scroll","background-type":"","background-media":"","overlay-type":"","overlay-color":"","overlay-opacity":"","overlay-gradient":""}},"footnotes":""},"class_list":["post-577","page","type-page","status-publish","hentry"],"_links":{"self":[{"href":"https:\/\/lozanoboots.com\/en\/wp-json\/wp\/v2\/pages\/577","targetHints":{"allow":["GET"]}}],"collection":[{"href":"https:\/\/lozanoboots.com\/en\/wp-json\/wp\/v2\/pages"}],"about":[{"href":"https:\/\/lozanoboots.com\/en\/wp-json\/wp\/v2\/types\/page"}],"author":[{"embeddable":true,"href":"https:\/\/lozanoboots.com\/en\/wp-json\/wp\/v2\/users\/1"}],"replies":[{"embeddable":true,"href":"https:\/\/lozanoboots.com\/en\/wp-json\/wp\/v2\/comments?post=577"}],"version-history":[{"count":106,"href":"https:\/\/lozanoboots.com\/en\/wp-json\/wp\/v2\/pages\/577\/revisions"}],"predecessor-version":[{"id":4189,"href":"https:\/\/lozanoboots.com\/en\/wp-json\/wp\/v2\/pages\/577\/revisions\/4189"}],"up":[{"embeddable":true,"href":"https:\/\/lozanoboots.com\/en\/wp-json\/wp\/v2\/pages\/1863"}],"wp:attachment":[{"href":"https:\/\/lozanoboots.com\/en\/wp-json\/wp\/v2\/media?parent=577"}],"curies":[{"name":"wp","href":"https:\/\/api.w.org\/{rel}","templated":true}]}}