{"id":620,"date":"2026-01-24T16:14:12","date_gmt":"2026-01-24T16:14:12","guid":{"rendered":"https:\/\/lozanoboots.com\/?page_id=620"},"modified":"2026-04-14T18:54:14","modified_gmt":"2026-04-14T18:54:14","slug":"classic-cordones-azul","status":"publish","type":"page","link":"https:\/\/lozanoboots.com\/en\/botas\/classic-cordones\/classic-cordones-azul\/","title":{"rendered":"Classic Cordones Azul"},"content":{"rendered":"<div data-elementor-type=\"wp-page\" data-elementor-id=\"620\" class=\"elementor elementor-620\">\n\t\t\t\t<div class=\"elementor-element elementor-element-da34f9e e-grid e-con-full e-con e-parent\" data-id=\"da34f9e\" data-element_type=\"container\" data-e-type=\"container\">\n\t\t<div class=\"elementor-element elementor-element-6ddee15 e-flex e-con-boxed e-con e-child\" data-id=\"6ddee15\" data-element_type=\"container\" data-e-type=\"container\">\n\t\t\t\t\t<div class=\"e-con-inner\">\n\t\t\t\t<div class=\"elementor-element elementor-element-8180bb6 lb-thumb elementor-widget elementor-widget-image\" data-id=\"8180bb6\" data-element_type=\"widget\" data-e-type=\"widget\" data-widget_type=\"image.default\">\n\t\t\t\t\t\t\t\t\t\t\t\t\t\t\t<img decoding=\"async\" width=\"1\" height=\"1\" src=\"https:\/\/lozanoboots.com\/wp-content\/uploads\/2026\/04\/DSC_0780-web.png\" class=\"attachment-large size-large wp-image-4642\" alt=\"\" \/>\t\t\t\t\t\t\t\t\t\t\t\t\t\t\t<\/div>\n\t\t\t\t<div class=\"elementor-element elementor-element-644acae lb-thumb elementor-widget elementor-widget-image\" data-id=\"644acae\" data-element_type=\"widget\" data-e-type=\"widget\" data-widget_type=\"image.default\">\n\t\t\t\t\t\t\t\t\t\t\t\t\t\t\t<img fetchpriority=\"high\" decoding=\"async\" width=\"1024\" height=\"683\" src=\"https:\/\/lozanoboots.com\/wp-content\/uploads\/2026\/04\/DSC_0781-web-1024x683.png\" class=\"attachment-large size-large wp-image-4643\" alt=\"\" srcset=\"https:\/\/lozanoboots.com\/wp-content\/uploads\/2026\/04\/DSC_0781-web-1024x683.png 1024w, https:\/\/lozanoboots.com\/wp-content\/uploads\/2026\/04\/DSC_0781-web-300x200.png 300w, https:\/\/lozanoboots.com\/wp-content\/uploads\/2026\/04\/DSC_0781-web-768x512.png 768w, https:\/\/lozanoboots.com\/wp-content\/uploads\/2026\/04\/DSC_0781-web-1536x1024.png 1536w, https:\/\/lozanoboots.com\/wp-content\/uploads\/2026\/04\/DSC_0781-web-2048x1365.png 2048w, https:\/\/lozanoboots.com\/wp-content\/uploads\/2026\/04\/DSC_0781-web-18x12.png 18w, https:\/\/lozanoboots.com\/wp-content\/uploads\/2026\/04\/DSC_0781-web-60x40.png 60w, https:\/\/lozanoboots.com\/wp-content\/uploads\/2026\/04\/DSC_0781-web-320x213.png 320w, https:\/\/lozanoboots.com\/wp-content\/uploads\/2026\/04\/DSC_0781-web-600x400.png 600w\" sizes=\"(max-width: 1024px) 100vw, 1024px\" \/>\t\t\t\t\t\t\t\t\t\t\t\t\t\t\t<\/div>\n\t\t\t\t<div class=\"elementor-element elementor-element-b19cc6f lb-thumb elementor-widget elementor-widget-image\" data-id=\"b19cc6f\" data-element_type=\"widget\" data-e-type=\"widget\" data-widget_type=\"image.default\">\n\t\t\t\t\t\t\t\t\t\t\t\t\t\t\t<img decoding=\"async\" width=\"1024\" height=\"683\" src=\"https:\/\/lozanoboots.com\/wp-content\/uploads\/2026\/04\/DSC_0782-web-1024x683.png\" class=\"attachment-large size-large wp-image-4644\" alt=\"\" srcset=\"https:\/\/lozanoboots.com\/wp-content\/uploads\/2026\/04\/DSC_0782-web-1024x683.png 1024w, https:\/\/lozanoboots.com\/wp-content\/uploads\/2026\/04\/DSC_0782-web-300x200.png 300w, https:\/\/lozanoboots.com\/wp-content\/uploads\/2026\/04\/DSC_0782-web-768x512.png 768w, https:\/\/lozanoboots.com\/wp-content\/uploads\/2026\/04\/DSC_0782-web-1536x1024.png 1536w, https:\/\/lozanoboots.com\/wp-content\/uploads\/2026\/04\/DSC_0782-web-2048x1365.png 2048w, https:\/\/lozanoboots.com\/wp-content\/uploads\/2026\/04\/DSC_0782-web-18x12.png 18w, https:\/\/lozanoboots.com\/wp-content\/uploads\/2026\/04\/DSC_0782-web-60x40.png 60w, https:\/\/lozanoboots.com\/wp-content\/uploads\/2026\/04\/DSC_0782-web-320x213.png 320w, https:\/\/lozanoboots.com\/wp-content\/uploads\/2026\/04\/DSC_0782-web-600x400.png 600w\" sizes=\"(max-width: 1024px) 100vw, 1024px\" \/>\t\t\t\t\t\t\t\t\t\t\t\t\t\t\t<\/div>\n\t\t\t\t<div class=\"elementor-element elementor-element-c16ede1 lb-thumb elementor-widget elementor-widget-image\" data-id=\"c16ede1\" data-element_type=\"widget\" data-e-type=\"widget\" data-widget_type=\"image.default\">\n\t\t\t\t\t\t\t\t\t\t\t\t\t\t\t<img loading=\"lazy\" decoding=\"async\" width=\"1\" height=\"1\" src=\"https:\/\/lozanoboots.com\/wp-content\/uploads\/2026\/04\/DSC_0783-web.png\" class=\"attachment-large size-large wp-image-4645\" alt=\"\" \/>\t\t\t\t\t\t\t\t\t\t\t\t\t\t\t<\/div>\n\t\t\t\t\t<\/div>\n\t\t\t\t<\/div>\n\t\t\t\t<div class=\"elementor-element elementor-element-8a73848 elementor-widget__width-initial lb-main-image elementor-widget elementor-widget-image\" data-id=\"8a73848\" data-element_type=\"widget\" data-e-type=\"widget\" data-widget_type=\"image.default\">\n\t\t\t\t\t\t\t\t\t\t\t\t\t\t\t<img loading=\"lazy\" decoding=\"async\" width=\"683\" height=\"1024\" src=\"https:\/\/lozanoboots.com\/wp-content\/uploads\/2026\/04\/DSC_0777-web-683x1024.png\" class=\"attachment-large size-large wp-image-4639\" alt=\"\" srcset=\"https:\/\/lozanoboots.com\/wp-content\/uploads\/2026\/04\/DSC_0777-web-683x1024.png 683w, https:\/\/lozanoboots.com\/wp-content\/uploads\/2026\/04\/DSC_0777-web-200x300.png 200w, https:\/\/lozanoboots.com\/wp-content\/uploads\/2026\/04\/DSC_0777-web-768x1152.png 768w, https:\/\/lozanoboots.com\/wp-content\/uploads\/2026\/04\/DSC_0777-web-1024x1536.png 1024w, https:\/\/lozanoboots.com\/wp-content\/uploads\/2026\/04\/DSC_0777-web-1365x2048.png 1365w, https:\/\/lozanoboots.com\/wp-content\/uploads\/2026\/04\/DSC_0777-web-8x12.png 8w, https:\/\/lozanoboots.com\/wp-content\/uploads\/2026\/04\/DSC_0777-web-60x90.png 60w, https:\/\/lozanoboots.com\/wp-content\/uploads\/2026\/04\/DSC_0777-web-320x480.png 320w, https:\/\/lozanoboots.com\/wp-content\/uploads\/2026\/04\/DSC_0777-web-600x900.png 600w, https:\/\/lozanoboots.com\/wp-content\/uploads\/2026\/04\/DSC_0777-web-scaled.png 1707w\" sizes=\"(max-width: 683px) 100vw, 683px\" \/>\t\t\t\t\t\t\t\t\t\t\t\t\t\t\t<\/div>\n\t\t<div class=\"elementor-element elementor-element-d4c803f e-grid e-con-boxed e-con e-child\" data-id=\"d4c803f\" data-element_type=\"container\" data-e-type=\"container\">\n\t\t\t\t\t<div class=\"e-con-inner\">\n\t\t\t\t<div class=\"elementor-element elementor-element-0bde979 elementor-widget elementor-widget-text-editor\" data-id=\"0bde979\" data-element_type=\"widget\" data-e-type=\"widget\" data-widget_type=\"text-editor.default\">\n\t\t\t\t\t\t\t\t\t<p data-start=\"264\" data-end=\"338\">Bota alta de equitaci\u00f3n con car\u00e1cter distintivo y elegancia contempor\u00e1nea.<\/p><p data-start=\"340\" data-end=\"543\">Confeccionada en piel Box Calf premium en tono azul profundo. Incorpora cordones frontales, cremallera YKK y suela Vibram espec\u00edfica para equitaci\u00f3n. Construcci\u00f3n Goodyear Welted para m\u00e1xima durabilidad.<\/p><p data-start=\"545\" data-end=\"609\">Fabricaci\u00f3n bajo pedido. Personalizable en nuestro configurador.<\/p>\t\t\t\t\t\t\t\t<\/div>\n\t\t\t\t<div class=\"elementor-element elementor-element-33ce02d elementor-align-center elementor-widget elementor-widget-button\" data-id=\"33ce02d\" data-element_type=\"widget\" data-e-type=\"widget\" data-widget_type=\"button.default\">\n\t\t\t\t\t\t\t\t\t\t<a class=\"elementor-button elementor-button-link elementor-size-sm\" href=\"https:\/\/lozanoboots.com\/configurador-botas-cordones\/\">\n\t\t\t\t\t\t<span class=\"elementor-button-content-wrapper\">\n\t\t\t\t\t\t\t\t\t<span class=\"elementor-button-text\">Configura tu bota<\/span>\n\t\t\t\t\t<\/span>\n\t\t\t\t\t<\/a>\n\t\t\t\t\t\t\t\t<\/div>\n\t\t\t\t\t<\/div>\n\t\t\t\t<\/div>\n\t\t\t\t<\/div>\n\t\t\t\t<\/div>","protected":false},"excerpt":{"rendered":"<p>Bota alta de equitaci\u00f3n con car\u00e1cter distintivo y elegancia contempor\u00e1nea. Confeccionada en piel Box Calf premium en tono azul profundo. [&hellip;]<\/p>\n","protected":false},"author":1,"featured_media":0,"parent":1863,"menu_order":0,"comment_status":"closed","ping_status":"closed","template":"","meta":{"_eb_attr":"","site-sidebar-layout":"default","site-content-layout":"","ast-site-content-layout":"default","site-content-style":"default","site-sidebar-style":"default","ast-global-header-display":"","ast-banner-title-visibility":"","ast-main-header-display":"","ast-hfb-above-header-display":"","ast-hfb-below-header-display":"","ast-hfb-mobile-header-display":"","site-post-title":"","ast-breadcrumbs-content":"","ast-featured-img":"","footer-sml-layout":"","ast-disable-related-posts":"","theme-transparent-header-meta":"","adv-header-id-meta":"","stick-header-meta":"","header-above-stick-meta":"","header-main-stick-meta":"","header-below-stick-meta":"","astra-migrate-meta-layouts":"default","ast-page-background-enabled":"default","ast-page-background-meta":{"desktop":{"background-color":"var(--ast-global-color-5)","background-image":"","background-repeat":"repeat","background-position":"center center","background-size":"auto","background-attachment":"scroll","background-type":"","background-media":"","overlay-type":"","overlay-color":"","overlay-opacity":"","overlay-gradient":""},"tablet":{"background-color":"","background-image":"","background-repeat":"repeat","background-position":"center center","background-size":"auto","background-attachment":"scroll","background-type":"","background-media":"","overlay-type":"","overlay-color":"","overlay-opacity":"","overlay-gradient":""},"mobile":{"background-color":"","background-image":"","background-repeat":"repeat","background-position":"center center","background-size":"auto","background-attachment":"scroll","background-type":"","background-media":"","overlay-type":"","overlay-color":"","overlay-opacity":"","overlay-gradient":""}},"ast-content-background-meta":{"desktop":{"background-color":"var(--ast-global-color-4)","background-image":"","background-repeat":"repeat","background-position":"center center","background-size":"auto","background-attachment":"scroll","background-type":"","background-media":"","overlay-type":"","overlay-color":"","overlay-opacity":"","overlay-gradient":""},"tablet":{"background-color":"var(--ast-global-color-4)","background-image":"","background-repeat":"repeat","background-position":"center center","background-size":"auto","background-attachment":"scroll","background-type":"","background-media":"","overlay-type":"","overlay-color":"","overlay-opacity":"","overlay-gradient":""},"mobile":{"background-color":"var(--ast-global-color-4)","background-image":"","background-repeat":"repeat","background-position":"center center","background-size":"auto","background-attachment":"scroll","background-type":"","background-media":"","overlay-type":"","overlay-color":"","overlay-opacity":"","overlay-gradient":""}},"footnotes":""},"class_list":["post-620","page","type-page","status-publish","hentry"],"_links":{"self":[{"href":"https:\/\/lozanoboots.com\/en\/wp-json\/wp\/v2\/pages\/620","targetHints":{"allow":["GET"]}}],"collection":[{"href":"https:\/\/lozanoboots.com\/en\/wp-json\/wp\/v2\/pages"}],"about":[{"href":"https:\/\/lozanoboots.com\/en\/wp-json\/wp\/v2\/types\/page"}],"author":[{"embeddable":true,"href":"https:\/\/lozanoboots.com\/en\/wp-json\/wp\/v2\/users\/1"}],"replies":[{"embeddable":true,"href":"https:\/\/lozanoboots.com\/en\/wp-json\/wp\/v2\/comments?post=620"}],"version-history":[{"count":31,"href":"https:\/\/lozanoboots.com\/en\/wp-json\/wp\/v2\/pages\/620\/revisions"}],"predecessor-version":[{"id":4652,"href":"https:\/\/lozanoboots.com\/en\/wp-json\/wp\/v2\/pages\/620\/revisions\/4652"}],"up":[{"embeddable":true,"href":"https:\/\/lozanoboots.com\/en\/wp-json\/wp\/v2\/pages\/1863"}],"wp:attachment":[{"href":"https:\/\/lozanoboots.com\/en\/wp-json\/wp\/v2\/media?parent=620"}],"curies":[{"name":"wp","href":"https:\/\/api.w.org\/{rel}","templated":true}]}}